{"id":12288,"date":"2024-02-22T09:39:48","date_gmt":"2024-02-22T09:39:48","guid":{"rendered":"https:\/\/tecomatic.com\/?page_id=12288"},"modified":"2026-01-06T17:36:37","modified_gmt":"2026-01-06T17:36:37","slug":"job-vacancies","status":"publish","type":"page","link":"https:\/\/tecomatic.com\/en\/job-vacancies\/","title":{"rendered":"Job vacancies"},"content":{"rendered":"\t\t<div data-elementor-type=\"wp-post\" data-elementor-id=\"12288\" class=\"elementor elementor-12288 elementor-12287\" data-elementor-post-type=\"page\">\n\t\t\t\t\t\t<section class=\"elementor-section elementor-top-section elementor-element elementor-element-22c5de3 elementor-section-boxed elementor-section-height-default elementor-section-height-default\" data-id=\"22c5de3\" data-element_type=\"section\" data-e-type=\"section\" data-settings=\"{&quot;background_background&quot;:&quot;classic&quot;,&quot;jet_parallax_layout_list&quot;:[]}\">\n\t\t\t\t\t\t\t<div class=\"elementor-background-overlay\"><\/div>\n\t\t\t\t\t\t\t<div class=\"elementor-container elementor-column-gap-no\">\n\t\t\t\t\t<div class=\"elementor-column elementor-col-100 elementor-top-column elementor-element elementor-element-99f89cb\" data-id=\"99f89cb\" data-element_type=\"column\" data-e-type=\"column\">\n\t\t\t<div class=\"elementor-widget-wrap elementor-element-populated\">\n\t\t\t\t\t\t<div class=\"elementor-element elementor-element-58c1036 elementor-invisible elementor-widget elementor-widget-heading\" data-id=\"58c1036\" data-element_type=\"widget\" data-e-type=\"widget\" data-settings=\"{&quot;_animation&quot;:&quot;fadeIn&quot;,&quot;_animation_delay&quot;:200}\" data-widget_type=\"heading.default\">\n\t\t\t\t<div class=\"elementor-widget-container\">\n\t\t\t\t\t<h1 class=\"elementor-heading-title elementor-size-default\">Job vacancies<\/h1>\t\t\t\t<\/div>\n\t\t\t\t<\/div>\n\t\t\t\t<div class=\"elementor-element elementor-element-5c4aea2 elementor-invisible elementor-widget elementor-widget-text-editor\" data-id=\"5c4aea2\" data-element_type=\"widget\" data-e-type=\"widget\" data-settings=\"{&quot;_animation&quot;:&quot;fadeIn&quot;,&quot;_animation_delay&quot;:400}\" data-widget_type=\"text-editor.default\">\n\t\t\t\t<div class=\"elementor-widget-container\">\n\t\t\t\t\t\t\t\t\t<p>You can find our job vacancies here.<\/p>\t\t\t\t\t\t\t\t<\/div>\n\t\t\t\t<\/div>\n\t\t\t\t\t<\/div>\n\t\t<\/div>\n\t\t\t\t\t<\/div>\n\t\t<\/section>\n\t\t\t\t<section class=\"elementor-section elementor-top-section elementor-element elementor-element-e2a752a elementor-section-boxed elementor-section-height-default elementor-section-height-default\" data-id=\"e2a752a\" data-element_type=\"section\" data-e-type=\"section\" data-settings=\"{&quot;jet_parallax_layout_list&quot;:[]}\">\n\t\t\t\t\t\t<div class=\"elementor-container elementor-column-gap-default\">\n\t\t\t\t\t<div class=\"elementor-column elementor-col-100 elementor-top-column elementor-element elementor-element-7387778\" data-id=\"7387778\" data-element_type=\"column\" data-e-type=\"column\">\n\t\t\t<div class=\"elementor-widget-wrap elementor-element-populated\">\n\t\t\t\t\t\t<div class=\"elementor-element elementor-element-bedbc29 elementor-widget__width-inherit elementor-widget elementor-widget-html\" data-id=\"bedbc29\" data-element_type=\"widget\" data-e-type=\"widget\" data-widget_type=\"html.default\">\n\t\t\t\t<div class=\"elementor-widget-container\">\n\t\t\t\t\t<script type=\"text\/javascript\" src=\"https:\/\/web103.reachmee.com\/customerjs\/I022-2150-7.js\"><\/script>\t\t\t\t<\/div>\n\t\t\t\t<\/div>\n\t\t\t\t\t<\/div>\n\t\t<\/div>\n\t\t\t\t\t<\/div>\n\t\t<\/section>\n\t\t\t\t<section class=\"elementor-section elementor-top-section elementor-element elementor-element-2cae8b4 elementor-section-boxed elementor-section-height-default elementor-section-height-default\" data-id=\"2cae8b4\" data-element_type=\"section\" data-e-type=\"section\" data-settings=\"{&quot;jet_parallax_layout_list&quot;:[]}\">\n\t\t\t\t\t\t<div class=\"elementor-container elementor-column-gap-default\">\n\t\t\t\t\t<div class=\"elementor-column elementor-col-100 elementor-top-column elementor-element elementor-element-597c6a8\" data-id=\"597c6a8\" data-element_type=\"column\" data-e-type=\"column\">\n\t\t\t<div class=\"elementor-widget-wrap elementor-element-populated\">\n\t\t\t\t\t\t<div class=\"elementor-element elementor-element-6bf8535 elementor-widget elementor-widget-spacer\" data-id=\"6bf8535\" data-element_type=\"widget\" data-e-type=\"widget\" data-widget_type=\"spacer.default\">\n\t\t\t\t<div class=\"elementor-widget-container\">\n\t\t\t\t\t\t\t<div class=\"elementor-spacer\">\n\t\t\t<div class=\"elementor-spacer-inner\"><\/div>\n\t\t<\/div>\n\t\t\t\t\t\t<\/div>\n\t\t\t\t<\/div>\n\t\t\t\t\t<\/div>\n\t\t<\/div>\n\t\t\t\t\t<\/div>\n\t\t<\/section>\n\t\t\t\t<section class=\"elementor-section elementor-top-section elementor-element elementor-element-110a7564 elementor-hidden-desktop elementor-hidden-tablet elementor-hidden-mobile elementor-section-boxed elementor-section-height-default elementor-section-height-default\" data-id=\"110a7564\" data-element_type=\"section\" data-e-type=\"section\" data-settings=\"{&quot;jet_parallax_layout_list&quot;:[]}\">\n\t\t\t\t\t\t<div class=\"elementor-container elementor-column-gap-default\">\n\t\t\t\t\t<div class=\"elementor-column elementor-col-100 elementor-top-column elementor-element elementor-element-3bf2a901\" data-id=\"3bf2a901\" data-element_type=\"column\" data-e-type=\"column\">\n\t\t\t<div class=\"elementor-widget-wrap elementor-element-populated\">\n\t\t\t\t\t\t<div class=\"elementor-element elementor-element-7579c6f1 elementor-widget elementor-widget-heading\" data-id=\"7579c6f1\" data-element_type=\"widget\" data-e-type=\"widget\" data-widget_type=\"heading.default\">\n\t\t\t\t<div class=\"elementor-widget-container\">\n\t\t\t\t\t<h2 class=\"elementor-heading-title elementor-size-default\">Job vacancies where we work with recruitment agencies<\/h2>\t\t\t\t<\/div>\n\t\t\t\t<\/div>\n\t\t\t\t<div class=\"elementor-element elementor-element-726bf501 elementor-widget-divider--view-line elementor-widget elementor-widget-divider\" data-id=\"726bf501\" data-element_type=\"widget\" data-e-type=\"widget\" data-widget_type=\"divider.default\">\n\t\t\t\t<div class=\"elementor-widget-container\">\n\t\t\t\t\t\t\t<div class=\"elementor-divider\">\n\t\t\t<span class=\"elementor-divider-separator\">\n\t\t\t\t\t\t<\/span>\n\t\t<\/div>\n\t\t\t\t\t\t<\/div>\n\t\t\t\t<\/div>\n\t\t\t\t<div class=\"elementor-element elementor-element-679e3c94 elementor-widget elementor-widget-heading\" data-id=\"679e3c94\" data-element_type=\"widget\" data-e-type=\"widget\" data-widget_type=\"heading.default\">\n\t\t\t\t<div class=\"elementor-widget-container\">\n\t\t\t\t\t<h3 class=\"elementor-heading-title elementor-size-default\">Operations Manager, location Kalmar<\/h3>\t\t\t\t<\/div>\n\t\t\t\t<\/div>\n\t\t\t\t<div class=\"elementor-element elementor-element-2589a71e elementor-widget elementor-widget-text-editor\" data-id=\"2589a71e\" data-element_type=\"widget\" data-e-type=\"widget\" data-widget_type=\"text-editor.default\">\n\t\t\t\t<div class=\"elementor-widget-container\">\n\t\t\t\t\t\t\t\t\t<p>As Operations Manager you have the overall responsibility for the daily operations, strategic planning and development of our operational activities within water treatment and erosion protection. You lead the operational activities distributed across our regional establishments in Kalmar, \u00d6rnsk\u00f6ldsvik and Stockholm where you ensure that our deliveries to customers maintain high quality, safety and efficiency. <\/p><p>We are based in Sweden but also run projects in Norway, Finland and Germany. This gives us an exciting breadth and reflects our desire to grow and collaborate across borders. <\/p><p>In this recruitment Tecomatic collaborates with Telin Rekrytering &amp; Konsult and <a href=\"https:\/\/candidate.hr-manager.net\/ApplicationInit.aspx?cid=2008&amp;ProjectId=144153&amp;DepartmentId=19201&amp;MediaId=5&amp;SkipAdvertisement=False\">you apply for the position via their website.<\/a><\/p><p>We work with continuous selection so do not wait to submit your application.<\/p><p>If you have any questions or would like to know more, please contact the recruiter in charge, Linda Petersson, by phone +46 70 377 45 74 or e-mail <a href=\"mailto:telin@telinrekrytering.se\" target=\"_blank\" rel=\"noopener\"><strong>linda@telinrekrytering.se<\/strong><\/a> during week 44 Gustav Warelius on phone 072-337 7454 or e-mail <a href=\"mailto:telin@telinrekrytering.se\" target=\"_blank\" rel=\"noopener\"><strong>gustav@telinrekrytering.se<\/strong><\/a><\/p>\t\t\t\t\t\t\t\t<\/div>\n\t\t\t\t<\/div>\n\t\t\t\t<div class=\"elementor-element elementor-element-46fde7ed elementor-widget elementor-widget-button\" data-id=\"46fde7ed\" data-element_type=\"widget\" data-e-type=\"widget\" data-widget_type=\"button.default\">\n\t\t\t\t<div class=\"elementor-widget-container\">\n\t\t\t\t\t\t\t\t\t<div class=\"elementor-button-wrapper\">\n\t\t\t\t\t<a class=\"elementor-button elementor-button-link elementor-size-sm\" href=\"https:\/\/candidate.hr-manager.net\/ApplicationInit.aspx?cid=2008&#038;ProjectId=144153&#038;DepartmentId=19201&#038;MediaId=5&#038;SkipAdvertisement=False\">\n\t\t\t\t\t\t<span class=\"elementor-button-content-wrapper\">\n\t\t\t\t\t\t\t\t\t<span class=\"elementor-button-text\">Find out more and apply here<\/span>\n\t\t\t\t\t<\/span>\n\t\t\t\t\t<\/a>\n\t\t\t\t<\/div>\n\t\t\t\t\t\t\t\t<\/div>\n\t\t\t\t<\/div>\n\t\t\t\t\t<\/div>\n\t\t<\/div>\n\t\t\t\t\t<\/div>\n\t\t<\/section>\n\t\t\t\t<\/div>\n\t\t","protected":false},"excerpt":{"rendered":"<p>Job vacancies You can find our job vacancies here. Job vacancies where we work with recruitment agencies Operations Manager, location Kalmar As Operations Manager you have the overall responsibility for the daily operations, strategic planning and development of our operational activities within water treatment and erosion protection. You lead the operational activities distributed across our [&hellip;]<\/p>\n","protected":false},"author":20,"featured_media":11102,"parent":0,"menu_order":0,"comment_status":"closed","ping_status":"closed","template":"","meta":{"site-sidebar-layout":"no-sidebar","site-content-layout":"page-builder","ast-site-content-layout":"full-width-container","site-content-style":"unboxed","site-sidebar-style":"unboxed","ast-global-header-display":"","ast-banner-title-visibility":"","ast-main-header-display":"","ast-hfb-above-header-display":"","ast-hfb-below-header-display":"","ast-hfb-mobile-header-display":"","site-post-title":"disabled","ast-breadcrumbs-content":"","ast-featured-img":"disabled","footer-sml-layout":"","ast-disable-related-posts":"","theme-transparent-header-meta":"enabled","adv-header-id-meta":"","stick-header-meta":"","header-above-stick-meta":"","header-main-stick-meta":"","header-below-stick-meta":"","astra-migrate-meta-layouts":"default","ast-page-background-enabled":"default","ast-page-background-meta":{"desktop":{"background-color":"","background-image":"","background-repeat":"repeat","background-position":"center center","background-size":"auto","background-attachment":"scroll","background-type":"","background-media":"","overlay-type":"","overlay-color":"","overlay-opacity":"","overlay-gradient":""},"tablet":{"background-color":"","background-image":"","background-repeat":"repeat","background-position":"center center","background-size":"auto","background-attachment":"scroll","background-type":"","background-media":"","overlay-type":"","overlay-color":"","overlay-opacity":"","overlay-gradient":""},"mobile":{"background-color":"","background-image":"","background-repeat":"repeat","background-position":"center center","background-size":"auto","background-attachment":"scroll","background-type":"","background-media":"","overlay-type":"","overlay-color":"","overlay-opacity":"","overlay-gradient":""}},"ast-content-background-meta":{"desktop":{"background-color":"var(--ast-global-color-5)","background-image":"","background-repeat":"repeat","background-position":"center center","background-size":"auto","background-attachment":"scroll","background-type":"","background-media":"","overlay-type":"","overlay-color":"","overlay-opacity":"","overlay-gradient":""},"tablet":{"background-color":"var(--ast-global-color-5)","background-image":"","background-repeat":"repeat","background-position":"center center","background-size":"auto","background-attachment":"scroll","background-type":"","background-media":"","overlay-type":"","overlay-color":"","overlay-opacity":"","overlay-gradient":""},"mobile":{"background-color":"var(--ast-global-color-5)","background-image":"","background-repeat":"repeat","background-position":"center center","background-size":"auto","background-attachment":"scroll","background-type":"","background-media":"","overlay-type":"","overlay-color":"","overlay-opacity":"","overlay-gradient":""}},"footnotes":""},"class_list":["post-12288","page","type-page","status-publish","has-post-thumbnail","hentry"],"yoast_head":"<!-- This site is optimized with the Yoast SEO plugin v27.4 - https:\/\/yoast.com\/product\/yoast-seo-wordpress\/ -->\n<title>Tecomatic I Vacant jobs<\/title>\n<meta name=\"description\" content=\"Tecomatic has offices in Kalmar, Stockholm and \u00d6rnsk\u00f6ldsvik, but operates throughout the country. You can find our job vacancies here.\" \/>\n<meta name=\"robots\" content=\"index, follow, max-snippet:-1, max-image-preview:large, max-video-preview:-1\" \/>\n<link rel=\"canonical\" href=\"https:\/\/tecomatic.com\/en\/job-vacancies\/\" \/>\n<meta property=\"og:locale\" content=\"en_US\" \/>\n<meta property=\"og:type\" content=\"article\" \/>\n<meta property=\"og:title\" content=\"Tecomatic I Vacant jobs\" \/>\n<meta property=\"og:description\" content=\"Tecomatic has offices in Kalmar, Stockholm and \u00d6rnsk\u00f6ldsvik, but operates throughout the country. You can find our job vacancies here.\" \/>\n<meta property=\"og:url\" content=\"https:\/\/tecomatic.com\/en\/job-vacancies\/\" \/>\n<meta property=\"og:site_name\" content=\"Tecomatic AB\" \/>\n<meta property=\"article:modified_time\" content=\"2026-01-06T17:36:37+00:00\" \/>\n<meta property=\"og:image\" content=\"https:\/\/tecomatic.com\/wp-content\/uploads\/2023\/06\/U2A9516high-res-1-scaled.jpg\" \/>\n\t<meta property=\"og:image:width\" content=\"2560\" \/>\n\t<meta property=\"og:image:height\" content=\"1707\" \/>\n\t<meta property=\"og:image:type\" content=\"image\/jpeg\" \/>\n<meta name=\"twitter:card\" content=\"summary_large_image\" \/>\n<meta name=\"twitter:label1\" content=\"Est. reading time\" \/>\n\t<meta name=\"twitter:data1\" content=\"10 minutes\" \/>\n<script type=\"application\/ld+json\" class=\"yoast-schema-graph\">{\"@context\":\"https:\\\/\\\/schema.org\",\"@graph\":[{\"@type\":\"WebPage\",\"@id\":\"https:\\\/\\\/tecomatic.com\\\/en\\\/job-vacancies\\\/\",\"url\":\"https:\\\/\\\/tecomatic.com\\\/en\\\/job-vacancies\\\/\",\"name\":\"Tecomatic I Vacant jobs\",\"isPartOf\":{\"@id\":\"https:\\\/\\\/tecomatic.com\\\/#website\"},\"primaryImageOfPage\":{\"@id\":\"https:\\\/\\\/tecomatic.com\\\/en\\\/job-vacancies\\\/#primaryimage\"},\"image\":{\"@id\":\"https:\\\/\\\/tecomatic.com\\\/en\\\/job-vacancies\\\/#primaryimage\"},\"thumbnailUrl\":\"https:\\\/\\\/tecomatic.com\\\/wp-content\\\/uploads\\\/2023\\\/06\\\/U2A9516high-res-1-scaled.jpg\",\"datePublished\":\"2024-02-22T09:39:48+00:00\",\"dateModified\":\"2026-01-06T17:36:37+00:00\",\"description\":\"Tecomatic has offices in Kalmar, Stockholm and \u00d6rnsk\u00f6ldsvik, but operates throughout the country. You can find our job vacancies here.\",\"breadcrumb\":{\"@id\":\"https:\\\/\\\/tecomatic.com\\\/en\\\/job-vacancies\\\/#breadcrumb\"},\"inLanguage\":\"en-US\",\"potentialAction\":[{\"@type\":\"ReadAction\",\"target\":[\"https:\\\/\\\/tecomatic.com\\\/en\\\/job-vacancies\\\/\"]}]},{\"@type\":\"ImageObject\",\"inLanguage\":\"en-US\",\"@id\":\"https:\\\/\\\/tecomatic.com\\\/en\\\/job-vacancies\\\/#primaryimage\",\"url\":\"https:\\\/\\\/tecomatic.com\\\/wp-content\\\/uploads\\\/2023\\\/06\\\/U2A9516high-res-1-scaled.jpg\",\"contentUrl\":\"https:\\\/\\\/tecomatic.com\\\/wp-content\\\/uploads\\\/2023\\\/06\\\/U2A9516high-res-1-scaled.jpg\",\"width\":2560,\"height\":1707,\"caption\":\"Ombyggnationen av Slussenomr\u00e5det i Stockholm har p\u00e5g\u00e5tt under en l\u00e4ngre tid.\"},{\"@type\":\"BreadcrumbList\",\"@id\":\"https:\\\/\\\/tecomatic.com\\\/en\\\/job-vacancies\\\/#breadcrumb\",\"itemListElement\":[{\"@type\":\"ListItem\",\"position\":1,\"name\":\"Home\",\"item\":\"https:\\\/\\\/tecomatic.com\\\/\"},{\"@type\":\"ListItem\",\"position\":2,\"name\":\"Job vacancies\"}]},{\"@type\":\"WebSite\",\"@id\":\"https:\\\/\\\/tecomatic.com\\\/#website\",\"url\":\"https:\\\/\\\/tecomatic.com\\\/\",\"name\":\"Tecomatic AB\",\"description\":\"Tecomatic \u00e4r en helhetsleverant\u00f6r som erbjuder l\u00f6sningar f\u00f6r milj\u00f6er d\u00e4r det finns problem med erosion av land- och finmaterial eller spridning av milj\u00f6farligt sediment.\",\"publisher\":{\"@id\":\"https:\\\/\\\/tecomatic.com\\\/#organization\"},\"potentialAction\":[{\"@type\":\"SearchAction\",\"target\":{\"@type\":\"EntryPoint\",\"urlTemplate\":\"https:\\\/\\\/tecomatic.com\\\/?s={search_term_string}\"},\"query-input\":{\"@type\":\"PropertyValueSpecification\",\"valueRequired\":true,\"valueName\":\"search_term_string\"}}],\"inLanguage\":\"en-US\"},{\"@type\":\"Organization\",\"@id\":\"https:\\\/\\\/tecomatic.com\\\/#organization\",\"name\":\"Tecomatic AB\",\"url\":\"https:\\\/\\\/tecomatic.com\\\/\",\"logo\":{\"@type\":\"ImageObject\",\"inLanguage\":\"en-US\",\"@id\":\"https:\\\/\\\/tecomatic.com\\\/#\\\/schema\\\/logo\\\/image\\\/\",\"url\":\"https:\\\/\\\/tecomatic.com\\\/wp-content\\\/uploads\\\/2023\\\/05\\\/cropped-2d286b6e-1082-4d53-879b-2b82fc2c8846_tecomatic_logo_Webb-removebg-preview.png\",\"contentUrl\":\"https:\\\/\\\/tecomatic.com\\\/wp-content\\\/uploads\\\/2023\\\/05\\\/cropped-2d286b6e-1082-4d53-879b-2b82fc2c8846_tecomatic_logo_Webb-removebg-preview.png\",\"width\":301,\"height\":227,\"caption\":\"Tecomatic AB\"},\"image\":{\"@id\":\"https:\\\/\\\/tecomatic.com\\\/#\\\/schema\\\/logo\\\/image\\\/\"}}]}<\/script>\n<!-- \/ Yoast SEO plugin. -->","yoast_head_json":{"title":"Tecomatic I Vacant jobs","description":"Tecomatic has offices in Kalmar, Stockholm and \u00d6rnsk\u00f6ldsvik, but operates throughout the country. You can find our job vacancies here.","robots":{"index":"index","follow":"follow","max-snippet":"max-snippet:-1","max-image-preview":"max-image-preview:large","max-video-preview":"max-video-preview:-1"},"canonical":"https:\/\/tecomatic.com\/en\/job-vacancies\/","og_locale":"en_US","og_type":"article","og_title":"Tecomatic I Vacant jobs","og_description":"Tecomatic has offices in Kalmar, Stockholm and \u00d6rnsk\u00f6ldsvik, but operates throughout the country. You can find our job vacancies here.","og_url":"https:\/\/tecomatic.com\/en\/job-vacancies\/","og_site_name":"Tecomatic AB","article_modified_time":"2026-01-06T17:36:37+00:00","og_image":[{"width":2560,"height":1707,"url":"https:\/\/tecomatic.com\/wp-content\/uploads\/2023\/06\/U2A9516high-res-1-scaled.jpg","type":"image\/jpeg"}],"twitter_card":"summary_large_image","twitter_misc":{"Est. reading time":"10 minutes"},"schema":{"@context":"https:\/\/schema.org","@graph":[{"@type":"WebPage","@id":"https:\/\/tecomatic.com\/en\/job-vacancies\/","url":"https:\/\/tecomatic.com\/en\/job-vacancies\/","name":"Tecomatic I Vacant jobs","isPartOf":{"@id":"https:\/\/tecomatic.com\/#website"},"primaryImageOfPage":{"@id":"https:\/\/tecomatic.com\/en\/job-vacancies\/#primaryimage"},"image":{"@id":"https:\/\/tecomatic.com\/en\/job-vacancies\/#primaryimage"},"thumbnailUrl":"https:\/\/tecomatic.com\/wp-content\/uploads\/2023\/06\/U2A9516high-res-1-scaled.jpg","datePublished":"2024-02-22T09:39:48+00:00","dateModified":"2026-01-06T17:36:37+00:00","description":"Tecomatic has offices in Kalmar, Stockholm and \u00d6rnsk\u00f6ldsvik, but operates throughout the country. You can find our job vacancies here.","breadcrumb":{"@id":"https:\/\/tecomatic.com\/en\/job-vacancies\/#breadcrumb"},"inLanguage":"en-US","potentialAction":[{"@type":"ReadAction","target":["https:\/\/tecomatic.com\/en\/job-vacancies\/"]}]},{"@type":"ImageObject","inLanguage":"en-US","@id":"https:\/\/tecomatic.com\/en\/job-vacancies\/#primaryimage","url":"https:\/\/tecomatic.com\/wp-content\/uploads\/2023\/06\/U2A9516high-res-1-scaled.jpg","contentUrl":"https:\/\/tecomatic.com\/wp-content\/uploads\/2023\/06\/U2A9516high-res-1-scaled.jpg","width":2560,"height":1707,"caption":"Ombyggnationen av Slussenomr\u00e5det i Stockholm har p\u00e5g\u00e5tt under en l\u00e4ngre tid."},{"@type":"BreadcrumbList","@id":"https:\/\/tecomatic.com\/en\/job-vacancies\/#breadcrumb","itemListElement":[{"@type":"ListItem","position":1,"name":"Home","item":"https:\/\/tecomatic.com\/"},{"@type":"ListItem","position":2,"name":"Job vacancies"}]},{"@type":"WebSite","@id":"https:\/\/tecomatic.com\/#website","url":"https:\/\/tecomatic.com\/","name":"Tecomatic AB","description":"Tecomatic \u00e4r en helhetsleverant\u00f6r som erbjuder l\u00f6sningar f\u00f6r milj\u00f6er d\u00e4r det finns problem med erosion av land- och finmaterial eller spridning av milj\u00f6farligt sediment.","publisher":{"@id":"https:\/\/tecomatic.com\/#organization"},"potentialAction":[{"@type":"SearchAction","target":{"@type":"EntryPoint","urlTemplate":"https:\/\/tecomatic.com\/?s={search_term_string}"},"query-input":{"@type":"PropertyValueSpecification","valueRequired":true,"valueName":"search_term_string"}}],"inLanguage":"en-US"},{"@type":"Organization","@id":"https:\/\/tecomatic.com\/#organization","name":"Tecomatic AB","url":"https:\/\/tecomatic.com\/","logo":{"@type":"ImageObject","inLanguage":"en-US","@id":"https:\/\/tecomatic.com\/#\/schema\/logo\/image\/","url":"https:\/\/tecomatic.com\/wp-content\/uploads\/2023\/05\/cropped-2d286b6e-1082-4d53-879b-2b82fc2c8846_tecomatic_logo_Webb-removebg-preview.png","contentUrl":"https:\/\/tecomatic.com\/wp-content\/uploads\/2023\/05\/cropped-2d286b6e-1082-4d53-879b-2b82fc2c8846_tecomatic_logo_Webb-removebg-preview.png","width":301,"height":227,"caption":"Tecomatic AB"},"image":{"@id":"https:\/\/tecomatic.com\/#\/schema\/logo\/image\/"}}]}},"_links":{"self":[{"href":"https:\/\/tecomatic.com\/en\/wp-json\/wp\/v2\/pages\/12288","targetHints":{"allow":["GET"]}}],"collection":[{"href":"https:\/\/tecomatic.com\/en\/wp-json\/wp\/v2\/pages"}],"about":[{"href":"https:\/\/tecomatic.com\/en\/wp-json\/wp\/v2\/types\/page"}],"author":[{"embeddable":true,"href":"https:\/\/tecomatic.com\/en\/wp-json\/wp\/v2\/users\/20"}],"replies":[{"embeddable":true,"href":"https:\/\/tecomatic.com\/en\/wp-json\/wp\/v2\/comments?post=12288"}],"version-history":[{"count":6,"href":"https:\/\/tecomatic.com\/en\/wp-json\/wp\/v2\/pages\/12288\/revisions"}],"predecessor-version":[{"id":14877,"href":"https:\/\/tecomatic.com\/en\/wp-json\/wp\/v2\/pages\/12288\/revisions\/14877"}],"wp:featuredmedia":[{"embeddable":true,"href":"https:\/\/tecomatic.com\/en\/wp-json\/wp\/v2\/media\/11102"}],"wp:attachment":[{"href":"https:\/\/tecomatic.com\/en\/wp-json\/wp\/v2\/media?parent=12288"}],"curies":[{"name":"wp","href":"https:\/\/api.w.org\/{rel}","templated":true}]}}