{"id":11466,"date":"2022-11-25T09:00:03","date_gmt":"2022-11-25T09:00:03","guid":{"rendered":"https:\/\/tecomatic.com\/wp-admin-login-do-not-remove\/"},"modified":"2023-12-08T05:48:35","modified_gmt":"2023-12-08T05:48:35","slug":"wp-admin-login-do-not-remove","status":"publish","type":"page","link":"https:\/\/tecomatic.com\/en\/wp-admin-login-do-not-remove\/","title":{"rendered":"Wp-Admin &#8211; Login (Do not remove)"},"content":{"rendered":"\t\t<div data-elementor-type=\"wp-page\" data-elementor-id=\"11466\" class=\"elementor elementor-11466 elementor-2444\" data-elementor-post-type=\"page\">\n\t\t\t\t\t\t<section class=\"elementor-section elementor-top-section elementor-element elementor-element-3951ed20 elementor-section-full_width elementor-section-height-full elementor-section-items-stretch elementor-section-height-default\" data-id=\"3951ed20\" data-element_type=\"section\" data-e-type=\"section\" data-settings=\"{&quot;jet_parallax_layout_list&quot;:[]}\">\n\t\t\t\t\t\t<div class=\"elementor-container elementor-column-gap-default\">\n\t\t\t\t\t<div class=\"elementor-column elementor-col-50 elementor-top-column elementor-element elementor-element-3360ab98\" data-id=\"3360ab98\" data-element_type=\"column\" data-e-type=\"column\" data-settings=\"{&quot;background_background&quot;:&quot;classic&quot;}\">\n\t\t\t<div class=\"elementor-widget-wrap elementor-element-populated\">\n\t\t\t\t\t\t<div class=\"elementor-element elementor-element-30f734f9 elementor-widget__width-initial elementor-widget elementor-widget-jet-inline-svg\" data-id=\"30f734f9\" data-element_type=\"widget\" data-e-type=\"widget\" data-widget_type=\"jet-inline-svg.default\">\n\t\t\t\t<div class=\"elementor-widget-container\">\n\t\t\t\t\t<div class=\"elementor-jet-inline-svg jet-elements\"><div class=\"jet-inline-svg__wrapper\"><div class=\"jet-inline-svg jet-inline-svg--custom-width\"><div class=\"jet-inline-svg__inner\"><?xml version=\"1.0\" encoding=\"UTF-8\"?>\n<svg xmlns=\"http:\/\/www.w3.org\/2000\/svg\" width=\"103.1mm\" height=\"27.09mm\" viewBox=\"0 0 292.25 76.8\">\n  <title>webtec<\/title>\n  <rect width=\"76.8\" height=\"76.8\" rx=\"7.3\" fill=\"#1e2657\"><\/rect>\n  <path d=\"M33.62,29.75A4.24,4.24,0,1,0,26,33.45l2.85,5.89-2.74,5.5-7.3-15.09a4.24,4.24,0,1,0-7.63,3.7L22.21,56.31A4.26,4.26,0,0,0,26,58.7h0a4.25,4.25,0,0,0,3.8-2.35L33.5,49,37,56.31a4.23,4.23,0,0,0,3.82,2.39,4.16,4.16,0,0,0,1.84-.42,4.24,4.24,0,0,0,2-5.66Z\" transform=\"translate(-2.41 -3.22)\" fill=\"#fff\"><\/path>\n  <path d=\"M68.22,27.36H59a4.26,4.26,0,0,0-3.82,2.39L47.67,45.3a4.25,4.25,0,0,0,2,5.66,4.17,4.17,0,0,0,1.84.43A4.24,4.24,0,0,0,55.31,49l6.36-13.15h6.55a4.24,4.24,0,0,0,0-8.48Z\" transform=\"translate(-2.41 -3.22)\" fill=\"#fff\"><\/path>\n  <path d=\"M49.7,31.6a4.24,4.24,0,0,0-4.24-4.24H42.85a4.24,4.24,0,0,0,0,8.48h2.61A4.24,4.24,0,0,0,49.7,31.6Z\" transform=\"translate(-2.41 -3.22)\" fill=\"#fff\"><\/path>\n  <path d=\"M138.06,27.55a3.21,3.21,0,0,0-4.3,1.48l-9.22,18.88L115.41,29a3.22,3.22,0,1,0-5.79,2.8l3.4,7L108.47,48,99.31,29a3.22,3.22,0,1,0-5.79,2.8l12,24.84a3.2,3.2,0,0,0,2.88,1.81h0a3.24,3.24,0,0,0,2.88-1.78l5.25-10.53,5.07,10.5a3.21,3.21,0,0,0,2.89,1.81h0a3.22,3.22,0,0,0,2.89-1.8l12.12-24.84A3.21,3.21,0,0,0,138.06,27.55Z\" transform=\"translate(-2.41 -3.22)\" fill=\"#1e2657\"><\/path>\n  <path d=\"M227.79,52a9.21,9.21,0,0,1-8.26-2c-1.68-1.48-2.13-4.95-2.16-6.13l0-10.15h7.06a3.22,3.22,0,0,0,0-6.44h-7.08v-2.1a3.22,3.22,0,0,0-6.44,0V43l.05,1c0,.72.23,7.16,4.34,10.77a15.61,15.61,0,0,0,14,3.44A3.22,3.22,0,1,0,227.79,52Z\" transform=\"translate(-2.41 -3.22)\" fill=\"#1e2657\"><\/path>\n  <path d=\"M167,31.28h0a15.63,15.63,0,0,0-24.73,17.77h0a15.44,15.44,0,0,0,4.1,5.72,15.61,15.61,0,0,0,14,3.44,15.47,15.47,0,0,0,8-4.87,3.22,3.22,0,1,0-4.83-4.25,9.2,9.2,0,0,1-13,.85c-.23-.2-.43-.41-.64-.62l19.39-8.11A3.22,3.22,0,0,0,171.06,37,15.52,15.52,0,0,0,167,31.28Zm-19.5,12.1a9.16,9.16,0,0,1,8.59-9.53c.2,0,.41,0,.61,0a9.18,9.18,0,0,1,6.06,2.28c.22.2.43.41.63.62Z\" transform=\"translate(-2.41 -3.22)\" fill=\"#1e2657\"><\/path>\n  <path d=\"M259,31.28h0a15.63,15.63,0,0,0-24.73,17.77h0a15.63,15.63,0,0,0,26.17,4.29,3.22,3.22,0,0,0-4.84-4.25,9.19,9.19,0,0,1-13,.85c-.23-.2-.43-.41-.63-.62l19.38-8.11A3.22,3.22,0,0,0,263.07,37,15.38,15.38,0,0,0,259,31.28Zm-19.51,12.1a9.18,9.18,0,0,1,8.59-9.53c.21,0,.41,0,.61,0a9.18,9.18,0,0,1,6.06,2.28c.22.2.43.41.64.62Z\" transform=\"translate(-2.41 -3.22)\" fill=\"#1e2657\"><\/path>\n  <path d=\"M191.12,27.22a15.55,15.55,0,0,0-9.2,3V18.85a3.22,3.22,0,0,0-6.43,0V55.27a3.21,3.21,0,0,0,6.41.19,15.63,15.63,0,1,0,9.22-28.24Zm0,24.84a9.2,9.2,0,1,1,9.2-9.2A9.21,9.21,0,0,1,191.12,52.06Z\" transform=\"translate(-2.41 -3.22)\" fill=\"#1e2657\"><\/path>\n  <path d=\"M289.06,49a9.2,9.2,0,1,1,0-12.36,3.22,3.22,0,0,0,4.76-4.33,15.63,15.63,0,1,0,0,21A3.22,3.22,0,1,0,289.06,49Z\" transform=\"translate(-2.41 -3.22)\" fill=\"#1e2657\"><\/path>\n<\/svg>\n<\/div><\/div><\/div><\/div>\t\t\t\t<\/div>\n\t\t\t\t<\/div>\n\t\t\t\t<div class=\"elementor-element elementor-element-7ab560f7 elementor-button-align-stretch elementor-widget__width-initial elementor-widget elementor-widget-login\" data-id=\"7ab560f7\" data-element_type=\"widget\" data-e-type=\"widget\" data-widget_type=\"login.default\">\n\t\t\t\t<div class=\"elementor-widget-container\">\n\t\t\t\t\t\t\t<form class=\"elementor-login elementor-form\" method=\"post\" action=\"https:\/\/tecomatic.com\/wp-login.php\" aria-label=\"Login form\">\n\t\t\t<input type=\"hidden\" name=\"redirect_to\" value=\"[LOGIN_REDIRECT]\">\n\t\t\t<div class=\"elementor-form-fields-wrapper\">\n\t\t\t\t<div class=\"elementor-field-type-text elementor-field-group elementor-column elementor-col-100 elementor-field-required\">\n\t\t\t\t\t<label for=\"user-7ab560f7\" class=\"elementor-field-label\">Username or Email Address<\/label>\n\t\t\t\t\t<input size=\"1\" type=\"text\" name=\"log\" id=\"user-7ab560f7\" placeholder=\"\" class=\"elementor-field elementor-field-textual elementor-size-sm\">\n\t\t\t\t<\/div>\n\t\t\t\t<div class=\"elementor-field-type-text elementor-field-group elementor-column elementor-col-100 elementor-field-required\">\n\t\t\t\t\t<label for=\"password-7ab560f7\" class=\"elementor-field-label\">Password<\/label>\n\t\t\t\t\t<input size=\"1\" type=\"password\" name=\"pwd\" id=\"password-7ab560f7\" placeholder=\"\" class=\"elementor-field elementor-field-textual elementor-size-sm\">\n\t\t\t\t<\/div>\n\n\t\t\t\t\t\t\t\t\t<div class=\"elementor-field-type-checkbox elementor-field-group elementor-column elementor-col-100 elementor-remember-me\">\n\t\t\t\t\t\t<label for=\"elementor-login-remember-me\">\n\t\t\t\t\t\t\t<input type=\"checkbox\" id=\"elementor-login-remember-me\" name=\"rememberme\" value=\"forever\">\n\t\t\t\t\t\t\tRemember Me\t\t\t\t\t\t<\/label>\n\t\t\t\t\t<\/div>\n\t\t\t\t\n\t\t\t\t<div class=\"elementor-field-group elementor-column elementor-field-type-submit elementor-col-100\">\n\t\t\t\t\t<button type=\"submit\" class=\"elementor-size-sm elementor-button\" name=\"wp-submit\">\n\t\t\t\t\t\t\t\t\t\t\t\t\t\t\t<span class=\"elementor-button-text\">Login<\/span>\n\t\t\t\t\t\t\t\t\t\t\t\t<\/button>\n\t\t\t\t<\/div>\n\n\t\t\t\t\t\t\t\t\t<div class=\"elementor-field-group elementor-column elementor-col-100\">\n\t\t\t\t\t\t\t\t\t\t\t\t\t\t\t\t\t\t\t\t<a class=\"elementor-lost-password\" href=\"https:\/\/tecomatic.com\/wp-login.php?action=lostpassword&redirect_to=%5BLOGIN_REDIRECT%5D\">\n\t\t\t\t\t\t\t\tLost your password?\t\t\t\t\t\t\t<\/a>\n\t\t\t\t\t\t\n\t\t\t\t\t\t\t\t\t\t\t<\/div>\n\t\t\t\t\t\t\t<\/div>\n\t\t<\/form>\n\t\t\t\t\t\t<\/div>\n\t\t\t\t<\/div>\n\t\t\t\t\t<\/div>\n\t\t<\/div>\n\t\t\t\t<div class=\"elementor-column elementor-col-50 elementor-top-column elementor-element elementor-element-41f03402\" data-id=\"41f03402\" data-element_type=\"column\" data-e-type=\"column\" data-settings=\"{&quot;background_background&quot;:&quot;classic&quot;}\">\n\t\t\t<div class=\"elementor-widget-wrap elementor-element-populated\">\n\t\t\t\t\t\t<div class=\"elementor-element elementor-element-37f2dd2e elementor-widget elementor-widget-heading\" data-id=\"37f2dd2e\" data-element_type=\"widget\" data-e-type=\"widget\" data-widget_type=\"heading.default\">\n\t\t\t\t<div class=\"elementor-widget-container\">\n\t\t\t\t\t<h2 class=\"elementor-heading-title elementor-size-default\">You look sharp today!<\/h2>\t\t\t\t<\/div>\n\t\t\t\t<\/div>\n\t\t\t\t<div class=\"elementor-element elementor-element-40c14ae3 elementor-widget elementor-widget-text-editor\" data-id=\"40c14ae3\" data-element_type=\"widget\" data-e-type=\"widget\" data-widget_type=\"text-editor.default\">\n\t\t\t\t<div class=\"elementor-widget-container\">\n\t\t\t\t\t\t\t\t\t<div><b>Don&#8217;t forget that we:  <\/b><\/div>\n<div>&#8211; Give you SEO for $1000 if you refer a client  <\/div>\n<div>&#8211; Give you SEO for $300 if you write a review <span style=\"text-decoration: underline;\"><a href=\"https:\/\/g.page\/r\/CaddanQdS1G0EAI\/review\" target=\"_blank\" rel=\"noopener\">here<\/a> <\/span> <\/div>\n<div>&#8211; Offer Shopify websites  <\/div>\n<div>&#8211; Offer SEO  <\/div>\n\t\t\t\t\t\t\t\t<\/div>\n\t\t\t\t<\/div>\n\t\t\t\t<div class=\"elementor-element elementor-element-3abbdbd elementor-widget elementor-widget-text-editor\" data-id=\"3abbdbd\" data-element_type=\"widget\" data-e-type=\"widget\" data-widget_type=\"text-editor.default\">\n\t\t\t\t<div class=\"elementor-widget-container\">\n\t\t\t\t\t\t\t\t\t<div>Questions?  <span style=\"color: #ffffff;\"><a style=\"color: #ffffff;\" href=\"mailto:Pontus.lenell@trywebtec.com\" target=\"_blank\" rel=\"noopener\"><span style=\"text-decoration: underline;\"><strong>Email me here<\/strong><\/span><\/a><\/span><\/div>\n<div>Need support? Use our <span style=\"color: #ffffff;\"><br \/>\n  <a style=\"color: #ffffff;\" href=\"https:\/\/launchpad.37signals.com\/signin\" target=\"_blank\" rel=\"noopener\"><br \/>\n    <span style=\"text-decoration: underline;\"><br \/>\n      <strong>live chat here<\/strong><br \/>\n    <\/span><br \/>\n  <\/a><br \/>\n<\/span><\/div>\n<div> <\/div>\n<div>\/Pontus, CEO of Webtec<\/div>\n\t\t\t\t\t\t\t\t<\/div>\n\t\t\t\t<\/div>\n\t\t\t\t\t<\/div>\n\t\t<\/div>\n\t\t\t\t\t<\/div>\n\t\t<\/section>\n\t\t\t\t<\/div>\n\t\t","protected":false},"excerpt":{"rendered":"<p>webtec You look sharp today! Don&#8217;t forget that we: &#8211; Give you SEO for $1000 if you refer a client &#8211; Give you SEO for $300 if you write a review here &#8211; Offer Shopify websites &#8211; Offer SEO Questions? Email me here Need support? Use our live chat here \/Pontus, CEO of Webtec<\/p>\n","protected":false},"author":15,"featured_media":0,"parent":0,"menu_order":0,"comment_status":"closed","ping_status":"closed","template":"elementor_canvas","meta":{"site-sidebar-layout":"default","site-content-layout":"","ast-site-content-layout":"default","site-content-style":"default","site-sidebar-style":"default","ast-global-header-display":"","ast-banner-title-visibility":"","ast-main-header-display":"","ast-hfb-above-header-display":"","ast-hfb-below-header-display":"","ast-hfb-mobile-header-display":"","site-post-title":"","ast-breadcrumbs-content":"","ast-featured-img":"","footer-sml-layout":"","ast-disable-related-posts":"","theme-transparent-header-meta":"","adv-header-id-meta":"","stick-header-meta":"","header-above-stick-meta":"","header-main-stick-meta":"","header-below-stick-meta":"","astra-migrate-meta-layouts":"default","ast-page-background-enabled":"default","ast-page-background-meta":{"desktop":{"background-color":"","background-image":"","background-repeat":"repeat","background-position":"center center","background-size":"auto","background-attachment":"scroll","background-type":"","background-media":"","overlay-type":"","overlay-color":"","overlay-opacity":"","overlay-gradient":""},"tablet":{"background-color":"","background-image":"","background-repeat":"repeat","background-position":"center center","background-size":"auto","background-attachment":"scroll","background-type":"","background-media":"","overlay-type":"","overlay-color":"","overlay-opacity":"","overlay-gradient":""},"mobile":{"background-color":"","background-image":"","background-repeat":"repeat","background-position":"center center","background-size":"auto","background-attachment":"scroll","background-type":"","background-media":"","overlay-type":"","overlay-color":"","overlay-opacity":"","overlay-gradient":""}},"ast-content-background-meta":{"desktop":{"background-color":"var(--ast-global-color-5)","background-image":"","background-repeat":"repeat","background-position":"center center","background-size":"auto","background-attachment":"scroll","background-type":"","background-media":"","overlay-type":"","overlay-color":"","overlay-opacity":"","overlay-gradient":""},"tablet":{"background-color":"var(--ast-global-color-5)","background-image":"","background-repeat":"repeat","background-position":"center center","background-size":"auto","background-attachment":"scroll","background-type":"","background-media":"","overlay-type":"","overlay-color":"","overlay-opacity":"","overlay-gradient":""},"mobile":{"background-color":"var(--ast-global-color-5)","background-image":"","background-repeat":"repeat","background-position":"center center","background-size":"auto","background-attachment":"scroll","background-type":"","background-media":"","overlay-type":"","overlay-color":"","overlay-opacity":"","overlay-gradient":""}},"footnotes":""},"class_list":["post-11466","page","type-page","status-publish","hentry"],"yoast_head":"<!-- This site is optimized with the Yoast SEO plugin v27.3 - https:\/\/yoast.com\/product\/yoast-seo-wordpress\/ -->\n<title>Wp-Admin - Login (Do not remove) - Tecomatic AB<\/title>\n<meta name=\"robots\" content=\"index, nofollow, max-snippet:-1, max-image-preview:large, max-video-preview:-1\" \/>\n<link rel=\"canonical\" href=\"https:\/\/tecomatic.com\/en\/wp-admin-login-do-not-remove\/\" \/>\n<meta property=\"og:locale\" content=\"en_US\" \/>\n<meta property=\"og:type\" content=\"article\" \/>\n<meta property=\"og:title\" content=\"Wp-Admin - Login (Do not remove) - Tecomatic AB\" \/>\n<meta property=\"og:description\" content=\"webtec You look sharp today! Don&#8217;t forget that we: &#8211; Give you SEO for $1000 if you refer a client &#8211; Give you SEO for $300 if you write a review here &#8211; Offer Shopify websites &#8211; Offer SEO Questions? Email me here Need support? Use our live chat here \/Pontus, CEO of Webtec\" \/>\n<meta property=\"og:url\" content=\"https:\/\/tecomatic.com\/en\/wp-admin-login-do-not-remove\/\" \/>\n<meta property=\"og:site_name\" content=\"Tecomatic AB\" \/>\n<meta property=\"article:modified_time\" content=\"2023-12-08T05:48:35+00:00\" \/>\n<meta name=\"twitter:card\" content=\"summary_large_image\" \/>\n<script type=\"application\/ld+json\" class=\"yoast-schema-graph\">{\"@context\":\"https:\\\/\\\/schema.org\",\"@graph\":[{\"@type\":\"WebPage\",\"@id\":\"https:\\\/\\\/tecomatic.com\\\/en\\\/wp-admin-login-do-not-remove\\\/\",\"url\":\"https:\\\/\\\/tecomatic.com\\\/en\\\/wp-admin-login-do-not-remove\\\/\",\"name\":\"Wp-Admin - Login (Do not remove) - Tecomatic AB\",\"isPartOf\":{\"@id\":\"https:\\\/\\\/tecomatic.com\\\/#website\"},\"datePublished\":\"2022-11-25T09:00:03+00:00\",\"dateModified\":\"2023-12-08T05:48:35+00:00\",\"breadcrumb\":{\"@id\":\"https:\\\/\\\/tecomatic.com\\\/en\\\/wp-admin-login-do-not-remove\\\/#breadcrumb\"},\"inLanguage\":\"en-US\",\"potentialAction\":[{\"@type\":\"ReadAction\",\"target\":[\"https:\\\/\\\/tecomatic.com\\\/en\\\/wp-admin-login-do-not-remove\\\/\"]}]},{\"@type\":\"BreadcrumbList\",\"@id\":\"https:\\\/\\\/tecomatic.com\\\/en\\\/wp-admin-login-do-not-remove\\\/#breadcrumb\",\"itemListElement\":[{\"@type\":\"ListItem\",\"position\":1,\"name\":\"Home\",\"item\":\"https:\\\/\\\/tecomatic.com\\\/\"},{\"@type\":\"ListItem\",\"position\":2,\"name\":\"Wp-Admin &#8211; Login (Do not remove)\"}]},{\"@type\":\"WebSite\",\"@id\":\"https:\\\/\\\/tecomatic.com\\\/#website\",\"url\":\"https:\\\/\\\/tecomatic.com\\\/\",\"name\":\"Tecomatic AB\",\"description\":\"Tecomatic \u00e4r en helhetsleverant\u00f6r som erbjuder l\u00f6sningar f\u00f6r milj\u00f6er d\u00e4r det finns problem med erosion av land- och finmaterial eller spridning av milj\u00f6farligt sediment.\",\"publisher\":{\"@id\":\"https:\\\/\\\/tecomatic.com\\\/#organization\"},\"potentialAction\":[{\"@type\":\"SearchAction\",\"target\":{\"@type\":\"EntryPoint\",\"urlTemplate\":\"https:\\\/\\\/tecomatic.com\\\/?s={search_term_string}\"},\"query-input\":{\"@type\":\"PropertyValueSpecification\",\"valueRequired\":true,\"valueName\":\"search_term_string\"}}],\"inLanguage\":\"en-US\"},{\"@type\":\"Organization\",\"@id\":\"https:\\\/\\\/tecomatic.com\\\/#organization\",\"name\":\"Tecomatic AB\",\"url\":\"https:\\\/\\\/tecomatic.com\\\/\",\"logo\":{\"@type\":\"ImageObject\",\"inLanguage\":\"en-US\",\"@id\":\"https:\\\/\\\/tecomatic.com\\\/#\\\/schema\\\/logo\\\/image\\\/\",\"url\":\"https:\\\/\\\/tecomatic.com\\\/wp-content\\\/uploads\\\/2023\\\/05\\\/cropped-2d286b6e-1082-4d53-879b-2b82fc2c8846_tecomatic_logo_Webb-removebg-preview.png\",\"contentUrl\":\"https:\\\/\\\/tecomatic.com\\\/wp-content\\\/uploads\\\/2023\\\/05\\\/cropped-2d286b6e-1082-4d53-879b-2b82fc2c8846_tecomatic_logo_Webb-removebg-preview.png\",\"width\":301,\"height\":227,\"caption\":\"Tecomatic AB\"},\"image\":{\"@id\":\"https:\\\/\\\/tecomatic.com\\\/#\\\/schema\\\/logo\\\/image\\\/\"}}]}<\/script>\n<!-- \/ Yoast SEO plugin. -->","yoast_head_json":{"title":"Wp-Admin - Login (Do not remove) - Tecomatic AB","robots":{"index":"index","follow":"nofollow","max-snippet":"max-snippet:-1","max-image-preview":"max-image-preview:large","max-video-preview":"max-video-preview:-1"},"canonical":"https:\/\/tecomatic.com\/en\/wp-admin-login-do-not-remove\/","og_locale":"en_US","og_type":"article","og_title":"Wp-Admin - Login (Do not remove) - Tecomatic AB","og_description":"webtec You look sharp today! Don&#8217;t forget that we: &#8211; Give you SEO for $1000 if you refer a client &#8211; Give you SEO for $300 if you write a review here &#8211; Offer Shopify websites &#8211; Offer SEO Questions? Email me here Need support? Use our live chat here \/Pontus, CEO of Webtec","og_url":"https:\/\/tecomatic.com\/en\/wp-admin-login-do-not-remove\/","og_site_name":"Tecomatic AB","article_modified_time":"2023-12-08T05:48:35+00:00","twitter_card":"summary_large_image","schema":{"@context":"https:\/\/schema.org","@graph":[{"@type":"WebPage","@id":"https:\/\/tecomatic.com\/en\/wp-admin-login-do-not-remove\/","url":"https:\/\/tecomatic.com\/en\/wp-admin-login-do-not-remove\/","name":"Wp-Admin - Login (Do not remove) - Tecomatic AB","isPartOf":{"@id":"https:\/\/tecomatic.com\/#website"},"datePublished":"2022-11-25T09:00:03+00:00","dateModified":"2023-12-08T05:48:35+00:00","breadcrumb":{"@id":"https:\/\/tecomatic.com\/en\/wp-admin-login-do-not-remove\/#breadcrumb"},"inLanguage":"en-US","potentialAction":[{"@type":"ReadAction","target":["https:\/\/tecomatic.com\/en\/wp-admin-login-do-not-remove\/"]}]},{"@type":"BreadcrumbList","@id":"https:\/\/tecomatic.com\/en\/wp-admin-login-do-not-remove\/#breadcrumb","itemListElement":[{"@type":"ListItem","position":1,"name":"Home","item":"https:\/\/tecomatic.com\/"},{"@type":"ListItem","position":2,"name":"Wp-Admin &#8211; Login (Do not remove)"}]},{"@type":"WebSite","@id":"https:\/\/tecomatic.com\/#website","url":"https:\/\/tecomatic.com\/","name":"Tecomatic AB","description":"Tecomatic \u00e4r en helhetsleverant\u00f6r som erbjuder l\u00f6sningar f\u00f6r milj\u00f6er d\u00e4r det finns problem med erosion av land- och finmaterial eller spridning av milj\u00f6farligt sediment.","publisher":{"@id":"https:\/\/tecomatic.com\/#organization"},"potentialAction":[{"@type":"SearchAction","target":{"@type":"EntryPoint","urlTemplate":"https:\/\/tecomatic.com\/?s={search_term_string}"},"query-input":{"@type":"PropertyValueSpecification","valueRequired":true,"valueName":"search_term_string"}}],"inLanguage":"en-US"},{"@type":"Organization","@id":"https:\/\/tecomatic.com\/#organization","name":"Tecomatic AB","url":"https:\/\/tecomatic.com\/","logo":{"@type":"ImageObject","inLanguage":"en-US","@id":"https:\/\/tecomatic.com\/#\/schema\/logo\/image\/","url":"https:\/\/tecomatic.com\/wp-content\/uploads\/2023\/05\/cropped-2d286b6e-1082-4d53-879b-2b82fc2c8846_tecomatic_logo_Webb-removebg-preview.png","contentUrl":"https:\/\/tecomatic.com\/wp-content\/uploads\/2023\/05\/cropped-2d286b6e-1082-4d53-879b-2b82fc2c8846_tecomatic_logo_Webb-removebg-preview.png","width":301,"height":227,"caption":"Tecomatic AB"},"image":{"@id":"https:\/\/tecomatic.com\/#\/schema\/logo\/image\/"}}]}},"_links":{"self":[{"href":"https:\/\/tecomatic.com\/en\/wp-json\/wp\/v2\/pages\/11466","targetHints":{"allow":["GET"]}}],"collection":[{"href":"https:\/\/tecomatic.com\/en\/wp-json\/wp\/v2\/pages"}],"about":[{"href":"https:\/\/tecomatic.com\/en\/wp-json\/wp\/v2\/types\/page"}],"author":[{"embeddable":true,"href":"https:\/\/tecomatic.com\/en\/wp-json\/wp\/v2\/users\/15"}],"replies":[{"embeddable":true,"href":"https:\/\/tecomatic.com\/en\/wp-json\/wp\/v2\/comments?post=11466"}],"version-history":[{"count":1,"href":"https:\/\/tecomatic.com\/en\/wp-json\/wp\/v2\/pages\/11466\/revisions"}],"predecessor-version":[{"id":11467,"href":"https:\/\/tecomatic.com\/en\/wp-json\/wp\/v2\/pages\/11466\/revisions\/11467"}],"wp:attachment":[{"href":"https:\/\/tecomatic.com\/en\/wp-json\/wp\/v2\/media?parent=11466"}],"curies":[{"name":"wp","href":"https:\/\/api.w.org\/{rel}","templated":true}]}}