{"id":11404,"date":"2023-06-28T07:51:31","date_gmt":"2023-06-28T07:51:31","guid":{"rendered":"https:\/\/tecomatic.com\/cookie-policy\/"},"modified":"2023-12-08T05:33:29","modified_gmt":"2023-12-08T05:33:29","slug":"cookie-policy","status":"publish","type":"page","link":"https:\/\/tecomatic.com\/en\/cookie-policy\/","title":{"rendered":"Cookie policy"},"content":{"rendered":"\t\t<div data-elementor-type=\"wp-page\" data-elementor-id=\"11404\" class=\"elementor elementor-11404 elementor-8157\" data-elementor-post-type=\"page\">\n\t\t\t\t\t\t<section class=\"elementor-section elementor-top-section elementor-element elementor-element-4a7510b elementor-section-boxed elementor-section-height-default elementor-section-height-default\" data-id=\"4a7510b\" data-element_type=\"section\" data-e-type=\"section\" data-settings=\"{&quot;background_background&quot;:&quot;classic&quot;,&quot;jet_parallax_layout_list&quot;:[]}\">\n\t\t\t\t\t\t\t<div class=\"elementor-background-overlay\"><\/div>\n\t\t\t\t\t\t\t<div class=\"elementor-container elementor-column-gap-no\">\n\t\t\t\t\t<div class=\"elementor-column elementor-col-100 elementor-top-column elementor-element elementor-element-c3fc72a\" data-id=\"c3fc72a\" data-element_type=\"column\" data-e-type=\"column\">\n\t\t\t<div class=\"elementor-widget-wrap elementor-element-populated\">\n\t\t\t\t\t\t\t<\/div>\n\t\t<\/div>\n\t\t\t\t\t<\/div>\n\t\t<\/section>\n\t\t\t\t<section class=\"elementor-section elementor-top-section elementor-element elementor-element-839c66e elementor-section-content-middle elementor-section-boxed elementor-section-height-default elementor-section-height-default\" data-id=\"839c66e\" data-element_type=\"section\" data-e-type=\"section\" data-settings=\"{&quot;background_background&quot;:&quot;classic&quot;,&quot;jet_parallax_layout_list&quot;:[]}\">\n\t\t\t\t\t\t<div class=\"elementor-container elementor-column-gap-no\">\n\t\t\t\t\t<div class=\"elementor-column elementor-col-100 elementor-top-column elementor-element elementor-element-0faabf1\" data-id=\"0faabf1\" data-element_type=\"column\" data-e-type=\"column\">\n\t\t\t<div class=\"elementor-widget-wrap elementor-element-populated\">\n\t\t\t\t\t\t<div class=\"elementor-element elementor-element-258d4e6 elementor-invisible elementor-widget elementor-widget-text-editor\" data-id=\"258d4e6\" data-element_type=\"widget\" data-e-type=\"widget\" data-settings=\"{&quot;_animation&quot;:&quot;fadeIn&quot;,&quot;_animation_delay&quot;:400}\" data-widget_type=\"text-editor.default\">\n\t\t\t\t<div class=\"elementor-widget-container\">\n\t\t\t\t\t\t\t\t\t<p>Tecomatic and our digital partners use cookies on the website. Some are needed for the site to function properly. The following cookies are optional for you:  <\/p>\n\t\t\t\t\t\t\t\t<\/div>\n\t\t\t\t<\/div>\n\t\t\t\t<div class=\"elementor-element elementor-element-8861479 elementor-icon-list--layout-traditional elementor-list-item-link-full_width elementor-widget elementor-widget-icon-list\" data-id=\"8861479\" data-element_type=\"widget\" data-e-type=\"widget\" data-widget_type=\"icon-list.default\">\n\t\t\t\t<div class=\"elementor-widget-container\">\n\t\t\t\t\t\t\t<ul class=\"elementor-icon-list-items\">\n\t\t\t\t\t\t\t<li class=\"elementor-icon-list-item\">\n\t\t\t\t\t\t\t\t\t\t\t<span class=\"elementor-icon-list-icon\">\n\t\t\t\t\t\t\t<i aria-hidden=\"true\" class=\"fas fa-circle\"><\/i>\t\t\t\t\t\t<\/span>\n\t\t\t\t\t\t\t\t\t\t<span class=\"elementor-icon-list-text\">Cookies to analyze how our website is used<\/span>\n\t\t\t\t\t\t\t\t\t<\/li>\n\t\t\t\t\t\t\t\t<li class=\"elementor-icon-list-item\">\n\t\t\t\t\t\t\t\t\t\t\t<span class=\"elementor-icon-list-icon\">\n\t\t\t\t\t\t\t<i aria-hidden=\"true\" class=\"fas fa-circle\"><\/i>\t\t\t\t\t\t<\/span>\n\t\t\t\t\t\t\t\t\t\t<span class=\"elementor-icon-list-text\">Cookies that enable a personalized experience on our website<\/span>\n\t\t\t\t\t\t\t\t\t<\/li>\n\t\t\t\t\t\t<\/ul>\n\t\t\t\t\t\t<\/div>\n\t\t\t\t<\/div>\n\t\t\t\t<div class=\"elementor-element elementor-element-101b305 elementor-widget elementor-widget-heading\" data-id=\"101b305\" data-element_type=\"widget\" data-e-type=\"widget\" data-widget_type=\"heading.default\">\n\t\t\t\t<div class=\"elementor-widget-container\">\n\t\t\t\t\t<h2 class=\"elementor-heading-title elementor-size-default\">What is a cookie?<\/h2>\t\t\t\t<\/div>\n\t\t\t\t<\/div>\n\t\t\t\t<div class=\"elementor-element elementor-element-6b17439 elementor-widget elementor-widget-text-editor\" data-id=\"6b17439\" data-element_type=\"widget\" data-e-type=\"widget\" data-widget_type=\"text-editor.default\">\n\t\t\t\t<div class=\"elementor-widget-container\">\n\t\t\t\t\t\t\t\t\t<p>When you visit a website, it may store or retrieve information from your browser, in the form of cookies. Cookies are small text files stored on your computer. They all get unique numbers. This may include information about you and the choices and searches you make, as well as information about the digital device you use. The information is mostly used to make the website work properly. The information collected about you is usually not used to identify you as an individual but still aims to give you a more personalized web experience. Because we respect your privacy, you can choose not to allow certain types of cookies. Blocking certain types of cookies may affect your experience of the website and the services we offer.<\/p>\n<p><strong>There are different types of cookies and are divided into the following main groups:<\/strong><\/p>\n\t\t\t\t\t\t\t\t<\/div>\n\t\t\t\t<\/div>\n\t\t\t\t<div class=\"elementor-element elementor-element-533125c elementor-icon-list--layout-traditional elementor-list-item-link-full_width elementor-widget elementor-widget-icon-list\" data-id=\"533125c\" data-element_type=\"widget\" data-e-type=\"widget\" data-widget_type=\"icon-list.default\">\n\t\t\t\t<div class=\"elementor-widget-container\">\n\t\t\t\t\t\t\t<ul class=\"elementor-icon-list-items\">\n\t\t\t\t\t\t\t<li class=\"elementor-icon-list-item\">\n\t\t\t\t\t\t\t\t\t\t\t<span class=\"elementor-icon-list-icon\">\n\t\t\t\t\t\t\t<i aria-hidden=\"true\" class=\"fas fa-circle\"><\/i>\t\t\t\t\t\t<\/span>\n\t\t\t\t\t\t\t\t\t\t<span class=\"elementor-icon-list-text\"><b>Persistent cookies:<\/b> This type of cookie saves a file on your device until you delete it. Alternatively, for a longer period of time, in which case the cookie has an expiry date. Once the expiry date has passed, the cookie is deleted from that device and it is recreated again when you need the website.<\/span>\n\t\t\t\t\t\t\t\t\t<\/li>\n\t\t\t\t\t\t\t\t<li class=\"elementor-icon-list-item\">\n\t\t\t\t\t\t\t\t\t\t\t<span class=\"elementor-icon-list-icon\">\n\t\t\t\t\t\t\t<i aria-hidden=\"true\" class=\"fas fa-circle\"><\/i>\t\t\t\t\t\t<\/span>\n\t\t\t\t\t\t\t\t\t\t<span class=\"elementor-icon-list-text\"><b>Session cookies:<\/b> These are temporarily stored on your device when you visit our website and are deleted as soon as you close your browser.<\/span>\n\t\t\t\t\t\t\t\t\t<\/li>\n\t\t\t\t\t\t\t\t<li class=\"elementor-icon-list-item\">\n\t\t\t\t\t\t\t\t\t\t\t<span class=\"elementor-icon-list-icon\">\n\t\t\t\t\t\t\t<i aria-hidden=\"true\" class=\"fas fa-circle\"><\/i>\t\t\t\t\t\t<\/span>\n\t\t\t\t\t\t\t\t\t\t<span class=\"elementor-icon-list-text\"><b>Third-party cookies:<\/b> This type of cookie comes from someone other than the person responsible for the website. Examples include web analytics and\/or traffic measurement providers. These cookies are used to collect information for advertising and tailored content and for web statistics. These third-party cookies provide a picture of the user's browsing habits and it is possible to block these types of cookies in your browser by making an individual setting in your computer if you do not want third-party cookies to be accepted.<\/span>\n\t\t\t\t\t\t\t\t\t<\/li>\n\t\t\t\t\t\t<\/ul>\n\t\t\t\t\t\t<\/div>\n\t\t\t\t<\/div>\n\t\t\t\t<div class=\"elementor-element elementor-element-2b7ad36 elementor-widget elementor-widget-heading\" data-id=\"2b7ad36\" data-element_type=\"widget\" data-e-type=\"widget\" data-widget_type=\"heading.default\">\n\t\t\t\t<div class=\"elementor-widget-container\">\n\t\t\t\t\t<h2 class=\"elementor-heading-title elementor-size-default\">Why does Tecomatic use cookies?<\/h2>\t\t\t\t<\/div>\n\t\t\t\t<\/div>\n\t\t\t\t<div class=\"elementor-element elementor-element-1bc212d elementor-widget elementor-widget-text-editor\" data-id=\"1bc212d\" data-element_type=\"widget\" data-e-type=\"widget\" data-widget_type=\"text-editor.default\">\n\t\t\t\t<div class=\"elementor-widget-container\">\n\t\t\t\t\t\t\t\t\t<p>Cookies allow us to improve the user experience of the website. We collect information about you browsing our website through several types of cookies or info collectors. Below you can see what kind of cookies we have and how we use the information collected:<\/p>\n\t\t\t\t\t\t\t\t<\/div>\n\t\t\t\t<\/div>\n\t\t\t\t<div class=\"elementor-element elementor-element-2ac9313 elementor-icon-list--layout-traditional elementor-list-item-link-full_width elementor-widget elementor-widget-icon-list\" data-id=\"2ac9313\" data-element_type=\"widget\" data-e-type=\"widget\" data-widget_type=\"icon-list.default\">\n\t\t\t\t<div class=\"elementor-widget-container\">\n\t\t\t\t\t\t\t<ul class=\"elementor-icon-list-items\">\n\t\t\t\t\t\t\t<li class=\"elementor-icon-list-item\">\n\t\t\t\t\t\t\t\t\t\t\t<span class=\"elementor-icon-list-icon\">\n\t\t\t\t\t\t\t<i aria-hidden=\"true\" class=\"fas fa-circle\"><\/i>\t\t\t\t\t\t<\/span>\n\t\t\t\t\t\t\t\t\t\t<span class=\"elementor-icon-list-text\">Necessary cookies<\/span>\n\t\t\t\t\t\t\t\t\t<\/li>\n\t\t\t\t\t\t<\/ul>\n\t\t\t\t\t\t<\/div>\n\t\t\t\t<\/div>\n\t\t\t\t<div class=\"elementor-element elementor-element-5963a97 elementor-widget elementor-widget-text-editor\" data-id=\"5963a97\" data-element_type=\"widget\" data-e-type=\"widget\" data-widget_type=\"text-editor.default\">\n\t\t\t\t<div class=\"elementor-widget-container\">\n\t\t\t\t\t\t\t\t\t<p>Contains information that we need in order for you to access certain services. Necessary cookies also help us to detect and track fraud or other attempts at unauthorized access to your information and our services. Necessary cookies are placed automatically and do not require your consent.<\/p>\n\t\t\t\t\t\t\t\t<\/div>\n\t\t\t\t<\/div>\n\t\t\t\t<div class=\"elementor-element elementor-element-a5037a9 elementor-icon-list--layout-traditional elementor-list-item-link-full_width elementor-widget elementor-widget-icon-list\" data-id=\"a5037a9\" data-element_type=\"widget\" data-e-type=\"widget\" data-widget_type=\"icon-list.default\">\n\t\t\t\t<div class=\"elementor-widget-container\">\n\t\t\t\t\t\t\t<ul class=\"elementor-icon-list-items\">\n\t\t\t\t\t\t\t<li class=\"elementor-icon-list-item\">\n\t\t\t\t\t\t\t\t\t\t\t<span class=\"elementor-icon-list-icon\">\n\t\t\t\t\t\t\t<i aria-hidden=\"true\" class=\"fas fa-circle\"><\/i>\t\t\t\t\t\t<\/span>\n\t\t\t\t\t\t\t\t\t\t<span class=\"elementor-icon-list-text\">Performance cookies<\/span>\n\t\t\t\t\t\t\t\t\t<\/li>\n\t\t\t\t\t\t<\/ul>\n\t\t\t\t\t\t<\/div>\n\t\t\t\t<\/div>\n\t\t\t\t<div class=\"elementor-element elementor-element-234dead elementor-widget elementor-widget-text-editor\" data-id=\"234dead\" data-element_type=\"widget\" data-e-type=\"widget\" data-widget_type=\"text-editor.default\">\n\t\t\t\t<div class=\"elementor-widget-container\">\n\t\t\t\t\t\t\t\t\t<p>Used to ensure that the pages you use load faster. Contains general information about how you use our services. The information allows us to adapt our website to your needs so that we can make your use as easy as possible or to analyze our visitor flows.<\/p>\n\t\t\t\t\t\t\t\t<\/div>\n\t\t\t\t<\/div>\n\t\t\t\t<div class=\"elementor-element elementor-element-0b3505d elementor-icon-list--layout-traditional elementor-list-item-link-full_width elementor-widget elementor-widget-icon-list\" data-id=\"0b3505d\" data-element_type=\"widget\" data-e-type=\"widget\" data-widget_type=\"icon-list.default\">\n\t\t\t\t<div class=\"elementor-widget-container\">\n\t\t\t\t\t\t\t<ul class=\"elementor-icon-list-items\">\n\t\t\t\t\t\t\t<li class=\"elementor-icon-list-item\">\n\t\t\t\t\t\t\t\t\t\t\t<span class=\"elementor-icon-list-icon\">\n\t\t\t\t\t\t\t<i aria-hidden=\"true\" class=\"fas fa-circle\"><\/i>\t\t\t\t\t\t<\/span>\n\t\t\t\t\t\t\t\t\t\t<span class=\"elementor-icon-list-text\">Website statistics and analysis<\/span>\n\t\t\t\t\t\t\t\t\t<\/li>\n\t\t\t\t\t\t<\/ul>\n\t\t\t\t\t\t<\/div>\n\t\t\t\t<\/div>\n\t\t\t\t<div class=\"elementor-element elementor-element-dec33df elementor-widget elementor-widget-text-editor\" data-id=\"dec33df\" data-element_type=\"widget\" data-e-type=\"widget\" data-widget_type=\"text-editor.default\">\n\t\t\t\t<div class=\"elementor-widget-container\">\n\t\t\t\t\t\t\t\t\t<p>We use information to improve the technical performance of the website, optimize website functions and your user experience of the website.<\/p>\n\t\t\t\t\t\t\t\t<\/div>\n\t\t\t\t<\/div>\n\t\t\t\t<div class=\"elementor-element elementor-element-9068021 elementor-widget elementor-widget-text-editor\" data-id=\"9068021\" data-element_type=\"widget\" data-e-type=\"widget\" data-widget_type=\"text-editor.default\">\n\t\t\t\t<div class=\"elementor-widget-container\">\n\t\t\t\t\t\t\t\t\t<p><strong>Below you will find companies Tecomatic uses:<\/strong><\/p>\n<p><strong>Hotjar Ltd:<\/strong> Hotjar is an analytics and survey tool that uses cookies to collect information about user behavior on the website.<\/p>\n<p><strong>Google Inc:<\/strong> Tecomatic uses data processors such as Google Analytics and Google Optimize.<\/p>\n\t\t\t\t\t\t\t\t<\/div>\n\t\t\t\t<\/div>\n\t\t\t\t\t<\/div>\n\t\t<\/div>\n\t\t\t\t\t<\/div>\n\t\t<\/section>\n\t\t\t\t<\/div>\n\t\t","protected":false},"excerpt":{"rendered":"<p>Tecomatic and our digital partners use cookies on the website. Some are needed for the site to function properly. The following cookies are optional for you: Cookies to analyze how our website is used Cookies that enable a personalized experience on our website What is a cookie? When you visit a website, it may store [&hellip;]<\/p>\n","protected":false},"author":15,"featured_media":11116,"parent":0,"menu_order":0,"comment_status":"closed","ping_status":"closed","template":"elementor_header_footer","meta":{"site-sidebar-layout":"no-sidebar","site-content-layout":"page-builder","ast-site-content-layout":"default","site-content-style":"default","site-sidebar-style":"default","ast-global-header-display":"","ast-banner-title-visibility":"","ast-main-header-display":"","ast-hfb-above-header-display":"","ast-hfb-below-header-display":"","ast-hfb-mobile-header-display":"","site-post-title":"disabled","ast-breadcrumbs-content":"","ast-featured-img":"disabled","footer-sml-layout":"","ast-disable-related-posts":"","theme-transparent-header-meta":"","adv-header-id-meta":"","stick-header-meta":"","header-above-stick-meta":"","header-main-stick-meta":"","header-below-stick-meta":"","astra-migrate-meta-layouts":"default","ast-page-background-enabled":"default","ast-page-background-meta":{"desktop":{"background-color":"","background-image":"","background-repeat":"repeat","background-position":"center center","background-size":"auto","background-attachment":"scroll","background-type":"","background-media":"","overlay-type":"","overlay-color":"","overlay-opacity":"","overlay-gradient":""},"tablet":{"background-color":"","background-image":"","background-repeat":"repeat","background-position":"center center","background-size":"auto","background-attachment":"scroll","background-type":"","background-media":"","overlay-type":"","overlay-color":"","overlay-opacity":"","overlay-gradient":""},"mobile":{"background-color":"","background-image":"","background-repeat":"repeat","background-position":"center center","background-size":"auto","background-attachment":"scroll","background-type":"","background-media":"","overlay-type":"","overlay-color":"","overlay-opacity":"","overlay-gradient":""}},"ast-content-background-meta":{"desktop":{"background-color":"var(--ast-global-color-5)","background-image":"","background-repeat":"repeat","background-position":"center center","background-size":"auto","background-attachment":"scroll","background-type":"","background-media":"","overlay-type":"","overlay-color":"","overlay-opacity":"","overlay-gradient":""},"tablet":{"background-color":"var(--ast-global-color-5)","background-image":"","background-repeat":"repeat","background-position":"center center","background-size":"auto","background-attachment":"scroll","background-type":"","background-media":"","overlay-type":"","overlay-color":"","overlay-opacity":"","overlay-gradient":""},"mobile":{"background-color":"var(--ast-global-color-5)","background-image":"","background-repeat":"repeat","background-position":"center center","background-size":"auto","background-attachment":"scroll","background-type":"","background-media":"","overlay-type":"","overlay-color":"","overlay-opacity":"","overlay-gradient":""}},"footnotes":""},"class_list":["post-11404","page","type-page","status-publish","has-post-thumbnail","hentry"],"yoast_head":"<!-- This site is optimized with the Yoast SEO plugin v27.3 - https:\/\/yoast.com\/product\/yoast-seo-wordpress\/ -->\n<title>Cookie policy - Tecomatic AB<\/title>\n<meta name=\"description\" content=\"Tecomatic and our digital partners use cookies on the website. Some are needed for the site to function properly.\" \/>\n<meta name=\"robots\" content=\"index, follow, max-snippet:-1, max-image-preview:large, max-video-preview:-1\" \/>\n<link rel=\"canonical\" href=\"https:\/\/tecomatic.com\/en\/cookie-policy\/\" \/>\n<meta property=\"og:locale\" content=\"en_US\" \/>\n<meta property=\"og:type\" content=\"article\" \/>\n<meta property=\"og:title\" content=\"Cookie policy - Tecomatic AB\" \/>\n<meta property=\"og:description\" content=\"Tecomatic and our digital partners use cookies on the website. Some are needed for the site to function properly.\" \/>\n<meta property=\"og:url\" content=\"https:\/\/tecomatic.com\/en\/cookie-policy\/\" \/>\n<meta property=\"og:site_name\" content=\"Tecomatic AB\" \/>\n<meta property=\"article:modified_time\" content=\"2023-12-08T05:33:29+00:00\" \/>\n<meta property=\"og:image\" content=\"https:\/\/tecomatic.com\/wp-content\/uploads\/2023\/06\/20230622165209.png\" \/>\n\t<meta property=\"og:image:width\" content=\"535\" \/>\n\t<meta property=\"og:image:height\" content=\"291\" \/>\n\t<meta property=\"og:image:type\" content=\"image\/png\" \/>\n<meta name=\"twitter:card\" content=\"summary_large_image\" \/>\n<meta name=\"twitter:label1\" content=\"Est. reading time\" \/>\n\t<meta name=\"twitter:data1\" content=\"3 minutes\" \/>\n<script type=\"application\/ld+json\" class=\"yoast-schema-graph\">{\"@context\":\"https:\\\/\\\/schema.org\",\"@graph\":[{\"@type\":\"WebPage\",\"@id\":\"https:\\\/\\\/tecomatic.com\\\/en\\\/cookie-policy\\\/\",\"url\":\"https:\\\/\\\/tecomatic.com\\\/en\\\/cookie-policy\\\/\",\"name\":\"Cookie policy - Tecomatic AB\",\"isPartOf\":{\"@id\":\"https:\\\/\\\/tecomatic.com\\\/#website\"},\"primaryImageOfPage\":{\"@id\":\"https:\\\/\\\/tecomatic.com\\\/en\\\/cookie-policy\\\/#primaryimage\"},\"image\":{\"@id\":\"https:\\\/\\\/tecomatic.com\\\/en\\\/cookie-policy\\\/#primaryimage\"},\"thumbnailUrl\":\"https:\\\/\\\/tecomatic.com\\\/wp-content\\\/uploads\\\/2023\\\/06\\\/20230622165209.png\",\"datePublished\":\"2023-06-28T07:51:31+00:00\",\"dateModified\":\"2023-12-08T05:33:29+00:00\",\"description\":\"Tecomatic and our digital partners use cookies on the website. Some are needed for the site to function properly.\",\"breadcrumb\":{\"@id\":\"https:\\\/\\\/tecomatic.com\\\/en\\\/cookie-policy\\\/#breadcrumb\"},\"inLanguage\":\"en-US\",\"potentialAction\":[{\"@type\":\"ReadAction\",\"target\":[\"https:\\\/\\\/tecomatic.com\\\/en\\\/cookie-policy\\\/\"]}]},{\"@type\":\"ImageObject\",\"inLanguage\":\"en-US\",\"@id\":\"https:\\\/\\\/tecomatic.com\\\/en\\\/cookie-policy\\\/#primaryimage\",\"url\":\"https:\\\/\\\/tecomatic.com\\\/wp-content\\\/uploads\\\/2023\\\/06\\\/20230622165209.png\",\"contentUrl\":\"https:\\\/\\\/tecomatic.com\\\/wp-content\\\/uploads\\\/2023\\\/06\\\/20230622165209.png\",\"width\":535,\"height\":291,\"caption\":\"Sedimentt\u00f6mning och avyttring av sediment p\u00e5 \u00e5tervinningsanl\u00e4ggning.\"},{\"@type\":\"BreadcrumbList\",\"@id\":\"https:\\\/\\\/tecomatic.com\\\/en\\\/cookie-policy\\\/#breadcrumb\",\"itemListElement\":[{\"@type\":\"ListItem\",\"position\":1,\"name\":\"Home\",\"item\":\"https:\\\/\\\/tecomatic.com\\\/\"},{\"@type\":\"ListItem\",\"position\":2,\"name\":\"Cookie policy\"}]},{\"@type\":\"WebSite\",\"@id\":\"https:\\\/\\\/tecomatic.com\\\/#website\",\"url\":\"https:\\\/\\\/tecomatic.com\\\/\",\"name\":\"Tecomatic AB\",\"description\":\"Tecomatic \u00e4r en helhetsleverant\u00f6r som erbjuder l\u00f6sningar f\u00f6r milj\u00f6er d\u00e4r det finns problem med erosion av land- och finmaterial eller spridning av milj\u00f6farligt sediment.\",\"publisher\":{\"@id\":\"https:\\\/\\\/tecomatic.com\\\/#organization\"},\"potentialAction\":[{\"@type\":\"SearchAction\",\"target\":{\"@type\":\"EntryPoint\",\"urlTemplate\":\"https:\\\/\\\/tecomatic.com\\\/?s={search_term_string}\"},\"query-input\":{\"@type\":\"PropertyValueSpecification\",\"valueRequired\":true,\"valueName\":\"search_term_string\"}}],\"inLanguage\":\"en-US\"},{\"@type\":\"Organization\",\"@id\":\"https:\\\/\\\/tecomatic.com\\\/#organization\",\"name\":\"Tecomatic AB\",\"url\":\"https:\\\/\\\/tecomatic.com\\\/\",\"logo\":{\"@type\":\"ImageObject\",\"inLanguage\":\"en-US\",\"@id\":\"https:\\\/\\\/tecomatic.com\\\/#\\\/schema\\\/logo\\\/image\\\/\",\"url\":\"https:\\\/\\\/tecomatic.com\\\/wp-content\\\/uploads\\\/2023\\\/05\\\/cropped-2d286b6e-1082-4d53-879b-2b82fc2c8846_tecomatic_logo_Webb-removebg-preview.png\",\"contentUrl\":\"https:\\\/\\\/tecomatic.com\\\/wp-content\\\/uploads\\\/2023\\\/05\\\/cropped-2d286b6e-1082-4d53-879b-2b82fc2c8846_tecomatic_logo_Webb-removebg-preview.png\",\"width\":301,\"height\":227,\"caption\":\"Tecomatic AB\"},\"image\":{\"@id\":\"https:\\\/\\\/tecomatic.com\\\/#\\\/schema\\\/logo\\\/image\\\/\"}}]}<\/script>\n<!-- \/ Yoast SEO plugin. -->","yoast_head_json":{"title":"Cookie policy - Tecomatic AB","description":"Tecomatic and our digital partners use cookies on the website. Some are needed for the site to function properly.","robots":{"index":"index","follow":"follow","max-snippet":"max-snippet:-1","max-image-preview":"max-image-preview:large","max-video-preview":"max-video-preview:-1"},"canonical":"https:\/\/tecomatic.com\/en\/cookie-policy\/","og_locale":"en_US","og_type":"article","og_title":"Cookie policy - Tecomatic AB","og_description":"Tecomatic and our digital partners use cookies on the website. Some are needed for the site to function properly.","og_url":"https:\/\/tecomatic.com\/en\/cookie-policy\/","og_site_name":"Tecomatic AB","article_modified_time":"2023-12-08T05:33:29+00:00","og_image":[{"width":535,"height":291,"url":"https:\/\/tecomatic.com\/wp-content\/uploads\/2023\/06\/20230622165209.png","type":"image\/png"}],"twitter_card":"summary_large_image","twitter_misc":{"Est. reading time":"3 minutes"},"schema":{"@context":"https:\/\/schema.org","@graph":[{"@type":"WebPage","@id":"https:\/\/tecomatic.com\/en\/cookie-policy\/","url":"https:\/\/tecomatic.com\/en\/cookie-policy\/","name":"Cookie policy - Tecomatic AB","isPartOf":{"@id":"https:\/\/tecomatic.com\/#website"},"primaryImageOfPage":{"@id":"https:\/\/tecomatic.com\/en\/cookie-policy\/#primaryimage"},"image":{"@id":"https:\/\/tecomatic.com\/en\/cookie-policy\/#primaryimage"},"thumbnailUrl":"https:\/\/tecomatic.com\/wp-content\/uploads\/2023\/06\/20230622165209.png","datePublished":"2023-06-28T07:51:31+00:00","dateModified":"2023-12-08T05:33:29+00:00","description":"Tecomatic and our digital partners use cookies on the website. Some are needed for the site to function properly.","breadcrumb":{"@id":"https:\/\/tecomatic.com\/en\/cookie-policy\/#breadcrumb"},"inLanguage":"en-US","potentialAction":[{"@type":"ReadAction","target":["https:\/\/tecomatic.com\/en\/cookie-policy\/"]}]},{"@type":"ImageObject","inLanguage":"en-US","@id":"https:\/\/tecomatic.com\/en\/cookie-policy\/#primaryimage","url":"https:\/\/tecomatic.com\/wp-content\/uploads\/2023\/06\/20230622165209.png","contentUrl":"https:\/\/tecomatic.com\/wp-content\/uploads\/2023\/06\/20230622165209.png","width":535,"height":291,"caption":"Sedimentt\u00f6mning och avyttring av sediment p\u00e5 \u00e5tervinningsanl\u00e4ggning."},{"@type":"BreadcrumbList","@id":"https:\/\/tecomatic.com\/en\/cookie-policy\/#breadcrumb","itemListElement":[{"@type":"ListItem","position":1,"name":"Home","item":"https:\/\/tecomatic.com\/"},{"@type":"ListItem","position":2,"name":"Cookie policy"}]},{"@type":"WebSite","@id":"https:\/\/tecomatic.com\/#website","url":"https:\/\/tecomatic.com\/","name":"Tecomatic AB","description":"Tecomatic \u00e4r en helhetsleverant\u00f6r som erbjuder l\u00f6sningar f\u00f6r milj\u00f6er d\u00e4r det finns problem med erosion av land- och finmaterial eller spridning av milj\u00f6farligt sediment.","publisher":{"@id":"https:\/\/tecomatic.com\/#organization"},"potentialAction":[{"@type":"SearchAction","target":{"@type":"EntryPoint","urlTemplate":"https:\/\/tecomatic.com\/?s={search_term_string}"},"query-input":{"@type":"PropertyValueSpecification","valueRequired":true,"valueName":"search_term_string"}}],"inLanguage":"en-US"},{"@type":"Organization","@id":"https:\/\/tecomatic.com\/#organization","name":"Tecomatic AB","url":"https:\/\/tecomatic.com\/","logo":{"@type":"ImageObject","inLanguage":"en-US","@id":"https:\/\/tecomatic.com\/#\/schema\/logo\/image\/","url":"https:\/\/tecomatic.com\/wp-content\/uploads\/2023\/05\/cropped-2d286b6e-1082-4d53-879b-2b82fc2c8846_tecomatic_logo_Webb-removebg-preview.png","contentUrl":"https:\/\/tecomatic.com\/wp-content\/uploads\/2023\/05\/cropped-2d286b6e-1082-4d53-879b-2b82fc2c8846_tecomatic_logo_Webb-removebg-preview.png","width":301,"height":227,"caption":"Tecomatic AB"},"image":{"@id":"https:\/\/tecomatic.com\/#\/schema\/logo\/image\/"}}]}},"_links":{"self":[{"href":"https:\/\/tecomatic.com\/en\/wp-json\/wp\/v2\/pages\/11404","targetHints":{"allow":["GET"]}}],"collection":[{"href":"https:\/\/tecomatic.com\/en\/wp-json\/wp\/v2\/pages"}],"about":[{"href":"https:\/\/tecomatic.com\/en\/wp-json\/wp\/v2\/types\/page"}],"author":[{"embeddable":true,"href":"https:\/\/tecomatic.com\/en\/wp-json\/wp\/v2\/users\/15"}],"replies":[{"embeddable":true,"href":"https:\/\/tecomatic.com\/en\/wp-json\/wp\/v2\/comments?post=11404"}],"version-history":[{"count":1,"href":"https:\/\/tecomatic.com\/en\/wp-json\/wp\/v2\/pages\/11404\/revisions"}],"predecessor-version":[{"id":11405,"href":"https:\/\/tecomatic.com\/en\/wp-json\/wp\/v2\/pages\/11404\/revisions\/11405"}],"wp:featuredmedia":[{"embeddable":true,"href":"https:\/\/tecomatic.com\/en\/wp-json\/wp\/v2\/media\/11116"}],"wp:attachment":[{"href":"https:\/\/tecomatic.com\/en\/wp-json\/wp\/v2\/media?parent=11404"}],"curies":[{"name":"wp","href":"https:\/\/api.w.org\/{rel}","templated":true}]}}