{"id":11402,"date":"2023-07-03T18:35:22","date_gmt":"2023-07-03T18:35:22","guid":{"rendered":"https:\/\/tecomatic.com\/general-delivery-conditions\/"},"modified":"2023-12-08T05:33:04","modified_gmt":"2023-12-08T05:33:04","slug":"general-delivery-conditions","status":"publish","type":"page","link":"https:\/\/tecomatic.com\/en\/general-delivery-conditions\/","title":{"rendered":"General delivery conditions"},"content":{"rendered":"\t\t<div data-elementor-type=\"wp-page\" data-elementor-id=\"11402\" class=\"elementor elementor-11402 elementor-8582\" data-elementor-post-type=\"page\">\n\t\t\t\t\t\t<section class=\"elementor-section elementor-top-section elementor-element elementor-element-072c623 elementor-section-boxed elementor-section-height-default elementor-section-height-default\" data-id=\"072c623\" data-element_type=\"section\" data-e-type=\"section\" data-settings=\"{&quot;background_background&quot;:&quot;classic&quot;,&quot;jet_parallax_layout_list&quot;:[]}\">\n\t\t\t\t\t\t\t<div class=\"elementor-background-overlay\"><\/div>\n\t\t\t\t\t\t\t<div class=\"elementor-container elementor-column-gap-no\">\n\t\t\t\t\t<div class=\"elementor-column elementor-col-100 elementor-top-column elementor-element elementor-element-964f225\" data-id=\"964f225\" data-element_type=\"column\" data-e-type=\"column\">\n\t\t\t<div class=\"elementor-widget-wrap elementor-element-populated\">\n\t\t\t\t\t\t<div class=\"elementor-element elementor-element-13672b0 elementor-invisible elementor-widget elementor-widget-heading\" data-id=\"13672b0\" data-element_type=\"widget\" data-e-type=\"widget\" data-settings=\"{&quot;_animation&quot;:&quot;fadeIn&quot;,&quot;_animation_delay&quot;:200}\" data-widget_type=\"heading.default\">\n\t\t\t\t<div class=\"elementor-widget-container\">\n\t\t\t\t\t<h1 class=\"elementor-heading-title elementor-size-default\">General delivery conditions<\/h1>\t\t\t\t<\/div>\n\t\t\t\t<\/div>\n\t\t\t\t\t<\/div>\n\t\t<\/div>\n\t\t\t\t\t<\/div>\n\t\t<\/section>\n\t\t\t\t<section class=\"elementor-section elementor-top-section elementor-element elementor-element-402a405 elementor-section-content-middle elementor-section-boxed elementor-section-height-default elementor-section-height-default\" data-id=\"402a405\" data-element_type=\"section\" data-e-type=\"section\" data-settings=\"{&quot;background_background&quot;:&quot;classic&quot;,&quot;jet_parallax_layout_list&quot;:[]}\">\n\t\t\t\t\t\t<div class=\"elementor-container elementor-column-gap-no\">\n\t\t\t\t\t<div class=\"elementor-column elementor-col-50 elementor-top-column elementor-element elementor-element-b98a9c7\" data-id=\"b98a9c7\" data-element_type=\"column\" data-e-type=\"column\">\n\t\t\t<div class=\"elementor-widget-wrap elementor-element-populated\">\n\t\t\t\t\t\t<div class=\"elementor-element elementor-element-6936872 elementor-invisible elementor-widget elementor-widget-heading\" data-id=\"6936872\" data-element_type=\"widget\" data-e-type=\"widget\" data-settings=\"{&quot;_animation&quot;:&quot;fadeIn&quot;,&quot;_animation_delay&quot;:200}\" data-widget_type=\"heading.default\">\n\t\t\t\t<div class=\"elementor-widget-container\">\n\t\t\t\t\t<h2 class=\"elementor-heading-title elementor-size-default\">General delivery conditions<\/h2>\t\t\t\t<\/div>\n\t\t\t\t<\/div>\n\t\t\t\t<div class=\"elementor-element elementor-element-0dd520f elementor-icon-list--layout-traditional elementor-list-item-link-full_width elementor-invisible elementor-widget elementor-widget-icon-list\" data-id=\"0dd520f\" data-element_type=\"widget\" data-e-type=\"widget\" data-settings=\"{&quot;_animation&quot;:&quot;fadeIn&quot;,&quot;_animation_delay&quot;:400}\" data-widget_type=\"icon-list.default\">\n\t\t\t\t<div class=\"elementor-widget-container\">\n\t\t\t\t\t\t\t<ul class=\"elementor-icon-list-items\">\n\t\t\t\t\t\t\t<li class=\"elementor-icon-list-item\">\n\t\t\t\t\t\t\t\t\t\t\t<a href=\"\/wp-content\/uploads\/2023\/07\/Allmanna%20supply%20conditions.pdf\" target=\"_blank\">\n\n\t\t\t\t\t\t\t\t\t\t\t\t<span class=\"elementor-icon-list-icon\">\n\t\t\t\t\t\t\t<i aria-hidden=\"true\" class=\"fab fa-readme\"><\/i>\t\t\t\t\t\t<\/span>\n\t\t\t\t\t\t\t\t\t\t<span class=\"elementor-icon-list-text\">General delivery conditions<\/span>\n\t\t\t\t\t\t\t\t\t\t\t<\/a>\n\t\t\t\t\t\t\t\t\t<\/li>\n\t\t\t\t\t\t<\/ul>\n\t\t\t\t\t\t<\/div>\n\t\t\t\t<\/div>\n\t\t\t\t\t<\/div>\n\t\t<\/div>\n\t\t\t\t<div class=\"elementor-column elementor-col-50 elementor-top-column elementor-element elementor-element-67791f1 elementor-hidden-tablet elementor-hidden-mobile elementor-invisible\" data-id=\"67791f1\" data-element_type=\"column\" data-e-type=\"column\" data-settings=\"{&quot;background_background&quot;:&quot;classic&quot;,&quot;animation&quot;:&quot;fadeIn&quot;,&quot;animation_delay&quot;:200}\">\n\t\t\t<div class=\"elementor-widget-wrap\">\n\t\t\t\t\t\t\t<\/div>\n\t\t<\/div>\n\t\t\t\t\t<\/div>\n\t\t<\/section>\n\t\t\t\t<\/div>\n\t\t","protected":false},"excerpt":{"rendered":"<p>General delivery conditions General delivery conditions General delivery conditions<\/p>\n","protected":false},"author":15,"featured_media":11233,"parent":0,"menu_order":0,"comment_status":"closed","ping_status":"closed","template":"","meta":{"site-sidebar-layout":"no-sidebar","site-content-layout":"page-builder","ast-site-content-layout":"default","site-content-style":"default","site-sidebar-style":"default","ast-global-header-display":"","ast-banner-title-visibility":"","ast-main-header-display":"","ast-hfb-above-header-display":"","ast-hfb-below-header-display":"","ast-hfb-mobile-header-display":"","site-post-title":"disabled","ast-breadcrumbs-content":"","ast-featured-img":"disabled","footer-sml-layout":"","ast-disable-related-posts":"","theme-transparent-header-meta":"","adv-header-id-meta":"","stick-header-meta":"","header-above-stick-meta":"","header-main-stick-meta":"","header-below-stick-meta":"","astra-migrate-meta-layouts":"default","ast-page-background-enabled":"default","ast-page-background-meta":{"desktop":{"background-color":"","background-image":"","background-repeat":"repeat","background-position":"center center","background-size":"auto","background-attachment":"scroll","background-type":"","background-media":"","overlay-type":"","overlay-color":"","overlay-opacity":"","overlay-gradient":""},"tablet":{"background-color":"","background-image":"","background-repeat":"repeat","background-position":"center center","background-size":"auto","background-attachment":"scroll","background-type":"","background-media":"","overlay-type":"","overlay-color":"","overlay-opacity":"","overlay-gradient":""},"mobile":{"background-color":"","background-image":"","background-repeat":"repeat","background-position":"center center","background-size":"auto","background-attachment":"scroll","background-type":"","background-media":"","overlay-type":"","overlay-color":"","overlay-opacity":"","overlay-gradient":""}},"ast-content-background-meta":{"desktop":{"background-color":"var(--ast-global-color-5)","background-image":"","background-repeat":"repeat","background-position":"center center","background-size":"auto","background-attachment":"scroll","background-type":"","background-media":"","overlay-type":"","overlay-color":"","overlay-opacity":"","overlay-gradient":""},"tablet":{"background-color":"var(--ast-global-color-5)","background-image":"","background-repeat":"repeat","background-position":"center center","background-size":"auto","background-attachment":"scroll","background-type":"","background-media":"","overlay-type":"","overlay-color":"","overlay-opacity":"","overlay-gradient":""},"mobile":{"background-color":"var(--ast-global-color-5)","background-image":"","background-repeat":"repeat","background-position":"center center","background-size":"auto","background-attachment":"scroll","background-type":"","background-media":"","overlay-type":"","overlay-color":"","overlay-opacity":"","overlay-gradient":""}},"footnotes":""},"class_list":["post-11402","page","type-page","status-publish","has-post-thumbnail","hentry"],"yoast_head":"<!-- This site is optimized with the Yoast SEO plugin v27.4 - https:\/\/yoast.com\/product\/yoast-seo-wordpress\/ -->\n<title>General delivery conditions - Tecomatic AB<\/title>\n<meta name=\"description\" content=\"Oxygenate the water to improve the biological treatment effect.\" \/>\n<meta name=\"robots\" content=\"index, follow, max-snippet:-1, max-image-preview:large, max-video-preview:-1\" \/>\n<link rel=\"canonical\" href=\"https:\/\/tecomatic.com\/en\/general-delivery-conditions\/\" \/>\n<meta property=\"og:locale\" content=\"en_US\" \/>\n<meta property=\"og:type\" content=\"article\" \/>\n<meta property=\"og:title\" content=\"General delivery conditions - Tecomatic AB\" \/>\n<meta property=\"og:description\" content=\"Oxygenate the water to improve the biological treatment effect.\" \/>\n<meta property=\"og:url\" content=\"https:\/\/tecomatic.com\/en\/general-delivery-conditions\/\" \/>\n<meta property=\"og:site_name\" content=\"Tecomatic AB\" \/>\n<meta property=\"article:modified_time\" content=\"2023-12-08T05:33:04+00:00\" \/>\n<meta property=\"og:image\" content=\"https:\/\/tecomatic.com\/wp-content\/uploads\/2023\/07\/iStock-637538632.jpg\" \/>\n\t<meta property=\"og:image:width\" content=\"2270\" \/>\n\t<meta property=\"og:image:height\" content=\"1320\" \/>\n\t<meta property=\"og:image:type\" content=\"image\/jpeg\" \/>\n<meta name=\"twitter:card\" content=\"summary_large_image\" \/>\n<script type=\"application\/ld+json\" class=\"yoast-schema-graph\">{\"@context\":\"https:\\\/\\\/schema.org\",\"@graph\":[{\"@type\":\"WebPage\",\"@id\":\"https:\\\/\\\/tecomatic.com\\\/en\\\/general-delivery-conditions\\\/\",\"url\":\"https:\\\/\\\/tecomatic.com\\\/en\\\/general-delivery-conditions\\\/\",\"name\":\"General delivery conditions - Tecomatic AB\",\"isPartOf\":{\"@id\":\"https:\\\/\\\/tecomatic.com\\\/#website\"},\"primaryImageOfPage\":{\"@id\":\"https:\\\/\\\/tecomatic.com\\\/en\\\/general-delivery-conditions\\\/#primaryimage\"},\"image\":{\"@id\":\"https:\\\/\\\/tecomatic.com\\\/en\\\/general-delivery-conditions\\\/#primaryimage\"},\"thumbnailUrl\":\"https:\\\/\\\/tecomatic.com\\\/wp-content\\\/uploads\\\/2023\\\/07\\\/iStock-637538632.jpg\",\"datePublished\":\"2023-07-03T18:35:22+00:00\",\"dateModified\":\"2023-12-08T05:33:04+00:00\",\"description\":\"Oxygenate the water to improve the biological treatment effect.\",\"breadcrumb\":{\"@id\":\"https:\\\/\\\/tecomatic.com\\\/en\\\/general-delivery-conditions\\\/#breadcrumb\"},\"inLanguage\":\"en-US\",\"potentialAction\":[{\"@type\":\"ReadAction\",\"target\":[\"https:\\\/\\\/tecomatic.com\\\/en\\\/general-delivery-conditions\\\/\"]}]},{\"@type\":\"ImageObject\",\"inLanguage\":\"en-US\",\"@id\":\"https:\\\/\\\/tecomatic.com\\\/en\\\/general-delivery-conditions\\\/#primaryimage\",\"url\":\"https:\\\/\\\/tecomatic.com\\\/wp-content\\\/uploads\\\/2023\\\/07\\\/iStock-637538632.jpg\",\"contentUrl\":\"https:\\\/\\\/tecomatic.com\\\/wp-content\\\/uploads\\\/2023\\\/07\\\/iStock-637538632.jpg\",\"width\":2270,\"height\":1320,\"caption\":\"Allm\u00e4nna leveransvillkor jpg-fil\"},{\"@type\":\"BreadcrumbList\",\"@id\":\"https:\\\/\\\/tecomatic.com\\\/en\\\/general-delivery-conditions\\\/#breadcrumb\",\"itemListElement\":[{\"@type\":\"ListItem\",\"position\":1,\"name\":\"Home\",\"item\":\"https:\\\/\\\/tecomatic.com\\\/\"},{\"@type\":\"ListItem\",\"position\":2,\"name\":\"General delivery conditions\"}]},{\"@type\":\"WebSite\",\"@id\":\"https:\\\/\\\/tecomatic.com\\\/#website\",\"url\":\"https:\\\/\\\/tecomatic.com\\\/\",\"name\":\"Tecomatic AB\",\"description\":\"Tecomatic \u00e4r en helhetsleverant\u00f6r som erbjuder l\u00f6sningar f\u00f6r milj\u00f6er d\u00e4r det finns problem med erosion av land- och finmaterial eller spridning av milj\u00f6farligt sediment.\",\"publisher\":{\"@id\":\"https:\\\/\\\/tecomatic.com\\\/#organization\"},\"potentialAction\":[{\"@type\":\"SearchAction\",\"target\":{\"@type\":\"EntryPoint\",\"urlTemplate\":\"https:\\\/\\\/tecomatic.com\\\/?s={search_term_string}\"},\"query-input\":{\"@type\":\"PropertyValueSpecification\",\"valueRequired\":true,\"valueName\":\"search_term_string\"}}],\"inLanguage\":\"en-US\"},{\"@type\":\"Organization\",\"@id\":\"https:\\\/\\\/tecomatic.com\\\/#organization\",\"name\":\"Tecomatic AB\",\"url\":\"https:\\\/\\\/tecomatic.com\\\/\",\"logo\":{\"@type\":\"ImageObject\",\"inLanguage\":\"en-US\",\"@id\":\"https:\\\/\\\/tecomatic.com\\\/#\\\/schema\\\/logo\\\/image\\\/\",\"url\":\"https:\\\/\\\/tecomatic.com\\\/wp-content\\\/uploads\\\/2023\\\/05\\\/cropped-2d286b6e-1082-4d53-879b-2b82fc2c8846_tecomatic_logo_Webb-removebg-preview.png\",\"contentUrl\":\"https:\\\/\\\/tecomatic.com\\\/wp-content\\\/uploads\\\/2023\\\/05\\\/cropped-2d286b6e-1082-4d53-879b-2b82fc2c8846_tecomatic_logo_Webb-removebg-preview.png\",\"width\":301,\"height\":227,\"caption\":\"Tecomatic AB\"},\"image\":{\"@id\":\"https:\\\/\\\/tecomatic.com\\\/#\\\/schema\\\/logo\\\/image\\\/\"}}]}<\/script>\n<!-- \/ Yoast SEO plugin. -->","yoast_head_json":{"title":"General delivery conditions - Tecomatic AB","description":"Oxygenate the water to improve the biological treatment effect.","robots":{"index":"index","follow":"follow","max-snippet":"max-snippet:-1","max-image-preview":"max-image-preview:large","max-video-preview":"max-video-preview:-1"},"canonical":"https:\/\/tecomatic.com\/en\/general-delivery-conditions\/","og_locale":"en_US","og_type":"article","og_title":"General delivery conditions - Tecomatic AB","og_description":"Oxygenate the water to improve the biological treatment effect.","og_url":"https:\/\/tecomatic.com\/en\/general-delivery-conditions\/","og_site_name":"Tecomatic AB","article_modified_time":"2023-12-08T05:33:04+00:00","og_image":[{"width":2270,"height":1320,"url":"https:\/\/tecomatic.com\/wp-content\/uploads\/2023\/07\/iStock-637538632.jpg","type":"image\/jpeg"}],"twitter_card":"summary_large_image","schema":{"@context":"https:\/\/schema.org","@graph":[{"@type":"WebPage","@id":"https:\/\/tecomatic.com\/en\/general-delivery-conditions\/","url":"https:\/\/tecomatic.com\/en\/general-delivery-conditions\/","name":"General delivery conditions - Tecomatic AB","isPartOf":{"@id":"https:\/\/tecomatic.com\/#website"},"primaryImageOfPage":{"@id":"https:\/\/tecomatic.com\/en\/general-delivery-conditions\/#primaryimage"},"image":{"@id":"https:\/\/tecomatic.com\/en\/general-delivery-conditions\/#primaryimage"},"thumbnailUrl":"https:\/\/tecomatic.com\/wp-content\/uploads\/2023\/07\/iStock-637538632.jpg","datePublished":"2023-07-03T18:35:22+00:00","dateModified":"2023-12-08T05:33:04+00:00","description":"Oxygenate the water to improve the biological treatment effect.","breadcrumb":{"@id":"https:\/\/tecomatic.com\/en\/general-delivery-conditions\/#breadcrumb"},"inLanguage":"en-US","potentialAction":[{"@type":"ReadAction","target":["https:\/\/tecomatic.com\/en\/general-delivery-conditions\/"]}]},{"@type":"ImageObject","inLanguage":"en-US","@id":"https:\/\/tecomatic.com\/en\/general-delivery-conditions\/#primaryimage","url":"https:\/\/tecomatic.com\/wp-content\/uploads\/2023\/07\/iStock-637538632.jpg","contentUrl":"https:\/\/tecomatic.com\/wp-content\/uploads\/2023\/07\/iStock-637538632.jpg","width":2270,"height":1320,"caption":"Allm\u00e4nna leveransvillkor jpg-fil"},{"@type":"BreadcrumbList","@id":"https:\/\/tecomatic.com\/en\/general-delivery-conditions\/#breadcrumb","itemListElement":[{"@type":"ListItem","position":1,"name":"Home","item":"https:\/\/tecomatic.com\/"},{"@type":"ListItem","position":2,"name":"General delivery conditions"}]},{"@type":"WebSite","@id":"https:\/\/tecomatic.com\/#website","url":"https:\/\/tecomatic.com\/","name":"Tecomatic AB","description":"Tecomatic \u00e4r en helhetsleverant\u00f6r som erbjuder l\u00f6sningar f\u00f6r milj\u00f6er d\u00e4r det finns problem med erosion av land- och finmaterial eller spridning av milj\u00f6farligt sediment.","publisher":{"@id":"https:\/\/tecomatic.com\/#organization"},"potentialAction":[{"@type":"SearchAction","target":{"@type":"EntryPoint","urlTemplate":"https:\/\/tecomatic.com\/?s={search_term_string}"},"query-input":{"@type":"PropertyValueSpecification","valueRequired":true,"valueName":"search_term_string"}}],"inLanguage":"en-US"},{"@type":"Organization","@id":"https:\/\/tecomatic.com\/#organization","name":"Tecomatic AB","url":"https:\/\/tecomatic.com\/","logo":{"@type":"ImageObject","inLanguage":"en-US","@id":"https:\/\/tecomatic.com\/#\/schema\/logo\/image\/","url":"https:\/\/tecomatic.com\/wp-content\/uploads\/2023\/05\/cropped-2d286b6e-1082-4d53-879b-2b82fc2c8846_tecomatic_logo_Webb-removebg-preview.png","contentUrl":"https:\/\/tecomatic.com\/wp-content\/uploads\/2023\/05\/cropped-2d286b6e-1082-4d53-879b-2b82fc2c8846_tecomatic_logo_Webb-removebg-preview.png","width":301,"height":227,"caption":"Tecomatic AB"},"image":{"@id":"https:\/\/tecomatic.com\/#\/schema\/logo\/image\/"}}]}},"_links":{"self":[{"href":"https:\/\/tecomatic.com\/en\/wp-json\/wp\/v2\/pages\/11402","targetHints":{"allow":["GET"]}}],"collection":[{"href":"https:\/\/tecomatic.com\/en\/wp-json\/wp\/v2\/pages"}],"about":[{"href":"https:\/\/tecomatic.com\/en\/wp-json\/wp\/v2\/types\/page"}],"author":[{"embeddable":true,"href":"https:\/\/tecomatic.com\/en\/wp-json\/wp\/v2\/users\/15"}],"replies":[{"embeddable":true,"href":"https:\/\/tecomatic.com\/en\/wp-json\/wp\/v2\/comments?post=11402"}],"version-history":[{"count":1,"href":"https:\/\/tecomatic.com\/en\/wp-json\/wp\/v2\/pages\/11402\/revisions"}],"predecessor-version":[{"id":11403,"href":"https:\/\/tecomatic.com\/en\/wp-json\/wp\/v2\/pages\/11402\/revisions\/11403"}],"wp:featuredmedia":[{"embeddable":true,"href":"https:\/\/tecomatic.com\/en\/wp-json\/wp\/v2\/media\/11233"}],"wp:attachment":[{"href":"https:\/\/tecomatic.com\/en\/wp-json\/wp\/v2\/media?parent=11402"}],"curies":[{"name":"wp","href":"https:\/\/api.w.org\/{rel}","templated":true}]}}