{"id":11400,"date":"2023-08-18T10:35:03","date_gmt":"2023-08-18T10:35:03","guid":{"rendered":"https:\/\/tecomatic.com\/privacy-policy\/"},"modified":"2023-12-08T05:32:37","modified_gmt":"2023-12-08T05:32:37","slug":"privacy-policy","status":"publish","type":"page","link":"https:\/\/tecomatic.com\/en\/privacy-policy\/","title":{"rendered":"Privacy policy"},"content":{"rendered":"\t\t<div data-elementor-type=\"wp-page\" data-elementor-id=\"11400\" class=\"elementor elementor-11400 elementor-9725\" data-elementor-post-type=\"page\">\n\t\t\t\t\t\t<section class=\"elementor-section elementor-top-section elementor-element elementor-element-4a7510b elementor-section-boxed elementor-section-height-default elementor-section-height-default\" data-id=\"4a7510b\" data-element_type=\"section\" data-e-type=\"section\" data-settings=\"{&quot;background_background&quot;:&quot;classic&quot;,&quot;jet_parallax_layout_list&quot;:[]}\">\n\t\t\t\t\t\t\t<div class=\"elementor-background-overlay\"><\/div>\n\t\t\t\t\t\t\t<div class=\"elementor-container elementor-column-gap-no\">\n\t\t\t\t\t<div class=\"elementor-column elementor-col-100 elementor-top-column elementor-element elementor-element-c3fc72a\" data-id=\"c3fc72a\" data-element_type=\"column\" data-e-type=\"column\">\n\t\t\t<div class=\"elementor-widget-wrap elementor-element-populated\">\n\t\t\t\t\t\t<div class=\"elementor-element elementor-element-7d2d4be elementor-invisible elementor-widget elementor-widget-heading\" data-id=\"7d2d4be\" data-element_type=\"widget\" data-e-type=\"widget\" data-settings=\"{&quot;_animation&quot;:&quot;fadeIn&quot;,&quot;_animation_delay&quot;:200}\" data-widget_type=\"heading.default\">\n\t\t\t\t<div class=\"elementor-widget-container\">\n\t\t\t\t\t<h1 class=\"elementor-heading-title elementor-size-default\">Privacy policy<\/h1>\t\t\t\t<\/div>\n\t\t\t\t<\/div>\n\t\t\t\t\t<\/div>\n\t\t<\/div>\n\t\t\t\t\t<\/div>\n\t\t<\/section>\n\t\t\t\t<section class=\"elementor-section elementor-top-section elementor-element elementor-element-839c66e elementor-section-content-middle elementor-section-boxed elementor-section-height-default elementor-section-height-default\" data-id=\"839c66e\" data-element_type=\"section\" data-e-type=\"section\" data-settings=\"{&quot;background_background&quot;:&quot;classic&quot;,&quot;jet_parallax_layout_list&quot;:[]}\">\n\t\t\t\t\t\t<div class=\"elementor-container elementor-column-gap-no\">\n\t\t\t\t\t<div class=\"elementor-column elementor-col-100 elementor-top-column elementor-element elementor-element-0faabf1\" data-id=\"0faabf1\" data-element_type=\"column\" data-e-type=\"column\">\n\t\t\t<div class=\"elementor-widget-wrap elementor-element-populated\">\n\t\t\t\t\t\t<div class=\"elementor-element elementor-element-258d4e6 elementor-invisible elementor-widget elementor-widget-text-editor\" data-id=\"258d4e6\" data-element_type=\"widget\" data-e-type=\"widget\" data-settings=\"{&quot;_animation&quot;:&quot;fadeIn&quot;,&quot;_animation_delay&quot;:400}\" data-widget_type=\"text-editor.default\">\n\t\t\t\t<div class=\"elementor-widget-container\">\n\t\t\t\t\t\t\t\t\t<p><span class=\"TextRun SCXW163834344 BCX9\" lang=\"SV-SE\" xml:lang=\"SV-SE\" data-contrast=\"auto\"><span class=\"NormalTextRun SpellingErrorV2Themed SCXW163834344 BCX9\">Tecomatic<\/span><span class=\"NormalTextRun SCXW163834344 BCX9\"> processes your personal data with the utmost responsibility and based on current legislation, including the <\/span><span class=\"NormalTextRun SpellingErrorV2Themed SCXW163834344 BCX9\">The Data Protection Regulation<\/span><span class=\"NormalTextRun SCXW163834344 BCX9\"> (General Data <\/span><span class=\"NormalTextRun SpellingErrorV2Themed SCXW163834344 BCX9\">Protection<\/span> <span class=\"NormalTextRun SpellingErrorV2Themed SCXW163834344 BCX9\">Regulation<\/span><span class=\"NormalTextRun SCXW163834344 BCX9\">, <\/span><span class=\"NormalTextRun SCXW163834344 BCX9\">GDPR<\/span><span class=\"NormalTextRun SCXW163834344 BCX9\">). In this privacy policy we want to inform you about how<\/span><span class=\"NormalTextRun SCXW163834344 BCX9\">who and why<\/span><span class=\"NormalTextRun SCXW163834344 BCX9\"> we process your personal data to make you feel safe in your contact with us.<\/span><span class=\"NormalTextRun SCXW163834344 BCX9\"> We also inform you about the legal basis for processing your personal data. <\/span> <\/span><span class=\"EOP SCXW163834344 BCX9\" data-ccp-props=\"{}\"> <\/span><\/p>\n<p><span data-contrast=\"auto\">Tecomatic has the right to change this policy at any time and will in such cases publish any changes on the website with information about when the changes will take effect.  <\/span><span data-ccp-props=\"{}\"> <\/span><\/p>\n\t\t\t\t\t\t\t\t<\/div>\n\t\t\t\t<\/div>\n\t\t\t\t<div class=\"elementor-element elementor-element-101b305 elementor-widget elementor-widget-heading\" data-id=\"101b305\" data-element_type=\"widget\" data-e-type=\"widget\" data-widget_type=\"heading.default\">\n\t\t\t\t<div class=\"elementor-widget-container\">\n\t\t\t\t\t<h3 class=\"elementor-heading-title elementor-size-default\">What personal data we process<\/h3>\t\t\t\t<\/div>\n\t\t\t\t<\/div>\n\t\t\t\t<div class=\"elementor-element elementor-element-6b17439 elementor-widget elementor-widget-text-editor\" data-id=\"6b17439\" data-element_type=\"widget\" data-e-type=\"widget\" data-widget_type=\"text-editor.default\">\n\t\t\t\t<div class=\"elementor-widget-container\">\n\t\t\t\t\t\t\t\t\t<p><span data-contrast=\"auto\">If you have been in contact with us, for example by filling in our contact form on the website or registering for one of our events, we will process the data you have provided, such as your name, phone number and email address.<\/span><\/p>\n<p><span data-contrast=\"auto\">If you apply for a job with us, we process the personal data you submit in your application, such as your name, contact details, CV and cover letter.  <\/span><span data-ccp-props=\"{}\"> <\/span><\/p>\n\t\t\t\t\t\t\t\t<\/div>\n\t\t\t\t<\/div>\n\t\t\t\t<div class=\"elementor-element elementor-element-2b7ad36 elementor-widget elementor-widget-heading\" data-id=\"2b7ad36\" data-element_type=\"widget\" data-e-type=\"widget\" data-widget_type=\"heading.default\">\n\t\t\t\t<div class=\"elementor-widget-container\">\n\t\t\t\t\t<h3 class=\"elementor-heading-title elementor-size-default\">Purpose and legal basis for processing personal data  <\/h3>\t\t\t\t<\/div>\n\t\t\t\t<\/div>\n\t\t\t\t<div class=\"elementor-element elementor-element-1bc212d elementor-widget elementor-widget-text-editor\" data-id=\"1bc212d\" data-element_type=\"widget\" data-e-type=\"widget\" data-widget_type=\"text-editor.default\">\n\t\t\t\t<div class=\"elementor-widget-container\">\n\t\t\t\t\t\t\t\t\t<p><span data-contrast=\"auto\">By filling in our contact form or registering for an event, you give Tecomatic consent to process the personal data provided for the stated purpose.  <\/span><span data-ccp-props=\"{}\"> <\/span><\/p>\n<p><span data-contrast=\"auto\">By submitting a job application, Tecomatic has a legitimate interest in processing your personal data to assess whether you are a suitable candidate for the current position or any future vacancies within the company.<\/span><span data-ccp-props=\"{}\"> <\/span><\/p>\n\t\t\t\t\t\t\t\t<\/div>\n\t\t\t\t<\/div>\n\t\t\t\t<div class=\"elementor-element elementor-element-f41af3f elementor-widget elementor-widget-heading\" data-id=\"f41af3f\" data-element_type=\"widget\" data-e-type=\"widget\" data-widget_type=\"heading.default\">\n\t\t\t\t<div class=\"elementor-widget-container\">\n\t\t\t\t\t<h3 class=\"elementor-heading-title elementor-size-default\">Who can access your personal data?  <\/h3>\t\t\t\t<\/div>\n\t\t\t\t<\/div>\n\t\t\t\t<div class=\"elementor-element elementor-element-434ba7b elementor-widget elementor-widget-text-editor\" data-id=\"434ba7b\" data-element_type=\"widget\" data-e-type=\"widget\" data-widget_type=\"text-editor.default\">\n\t\t\t\t<div class=\"elementor-widget-container\">\n\t\t\t\t\t\t\t\t\t<p><span data-contrast=\"auto\">We only share your personal data with employees of the company who require it to perform their duties. If you are applying for a job and have a protected identity, you should contact the contact person indicated in the advertisement. You should also be careful about what information you share in your application. Therefore, only share information that is relevant to the position in question.  <\/span><span data-ccp-props=\"{}\"> <\/span><\/p>\n<p><span data-contrast=\"auto\">In some cases, we share your personal data with our suppliers who process personal data on our behalf, known as processors. This could be, for example, a recruitment company or a supplier that provides systems, software or IT solutions to us as a company.  <\/span><span data-ccp-props=\"{}\"> <\/span><\/p>\n\t\t\t\t\t\t\t\t<\/div>\n\t\t\t\t<\/div>\n\t\t\t\t<div class=\"elementor-element elementor-element-669f3ed elementor-widget elementor-widget-heading\" data-id=\"669f3ed\" data-element_type=\"widget\" data-e-type=\"widget\" data-widget_type=\"heading.default\">\n\t\t\t\t<div class=\"elementor-widget-container\">\n\t\t\t\t\t<h3 class=\"elementor-heading-title elementor-size-default\">How long do we keep your data?<\/h3>\t\t\t\t<\/div>\n\t\t\t\t<\/div>\n\t\t\t\t<div class=\"elementor-element elementor-element-79ffa9b elementor-widget elementor-widget-text-editor\" data-id=\"79ffa9b\" data-element_type=\"widget\" data-e-type=\"widget\" data-widget_type=\"text-editor.default\">\n\t\t\t\t<div class=\"elementor-widget-container\">\n\t\t\t\t\t\t\t\t\t<p><span data-contrast=\"auto\">We keep your data as long as we consider that you have an interest in our services.<\/span><\/p>\n<p><span data-contrast=\"auto\">When applying for a vacancy, your application will be kept for 24 months after your last application. Your candidate account will be saved 1 month after the application is deleted.  <\/span><\/p>\n\t\t\t\t\t\t\t\t<\/div>\n\t\t\t\t<\/div>\n\t\t\t\t<div class=\"elementor-element elementor-element-38b22ee elementor-widget elementor-widget-heading\" data-id=\"38b22ee\" data-element_type=\"widget\" data-e-type=\"widget\" data-widget_type=\"heading.default\">\n\t\t\t\t<div class=\"elementor-widget-container\">\n\t\t\t\t\t<h3 class=\"elementor-heading-title elementor-size-default\">Your rights<\/h3>\t\t\t\t<\/div>\n\t\t\t\t<\/div>\n\t\t\t\t<div class=\"elementor-element elementor-element-f3e5c54 elementor-widget elementor-widget-text-editor\" data-id=\"f3e5c54\" data-element_type=\"widget\" data-e-type=\"widget\" data-widget_type=\"text-editor.default\">\n\t\t\t\t<div class=\"elementor-widget-container\">\n\t\t\t\t\t\t\t\t\t<p><span data-contrast=\"auto\">In accordance with the current General Data Protection Regulation (GDPR), you have the right to access and obtain information about the personal data we process about you. The request must be made in writing and relate to a so-called extract from the register. You also have the right to request rectification, erasure or restriction and the right to object to our processing of your personal data. The right to have personal data deleted is not absolute, as the legal obligation to retain data takes precedence. You also have the right to lodge a complaint about our personal data processing with the responsible supervisory authority, the Swedish Authority for Privacy Protection.<\/span><\/p>\n<p><span data-contrast=\"auto\">If the processing of personal data is based on consent, you can withdraw your consent at any time by contacting us by email <a href=\"mailto:info@tecomatic.com\">info@tecomatic.com<\/a>.<\/span><span data-ccp-props=\"{}\"> <\/span><\/p>\n\t\t\t\t\t\t\t\t<\/div>\n\t\t\t\t<\/div>\n\t\t\t\t<div class=\"elementor-element elementor-element-e261289 elementor-widget elementor-widget-heading\" data-id=\"e261289\" data-element_type=\"widget\" data-e-type=\"widget\" data-widget_type=\"heading.default\">\n\t\t\t\t<div class=\"elementor-widget-container\">\n\t\t\t\t\t<h3 class=\"elementor-heading-title elementor-size-default\">Data controllers<\/h3>\t\t\t\t<\/div>\n\t\t\t\t<\/div>\n\t\t\t\t<div class=\"elementor-element elementor-element-abd82d8 elementor-widget elementor-widget-text-editor\" data-id=\"abd82d8\" data-element_type=\"widget\" data-e-type=\"widget\" data-widget_type=\"text-editor.default\">\n\t\t\t\t<div class=\"elementor-widget-container\">\n\t\t\t\t\t\t\t\t\t<p><span data-contrast=\"auto\">The data controller is Tecomatic, organization number 556380-6420,  <\/span><span data-contrast=\"auto\">Gas-Jacobs Gata 3, 392 45 Kalmar. If you have any questions about our privacy policy, you can email us at  <\/span><a href=\"mailto:info@tecomatic.com\"><br \/>\n  <span data-contrast=\"none\">info@tecomatic.com<\/span><br \/>\n<\/a><span data-contrast=\"auto\"> or call 0480-258 31<\/span><span data-ccp-props=\"{}\"> <\/span><\/p>\n\t\t\t\t\t\t\t\t<\/div>\n\t\t\t\t<\/div>\n\t\t\t\t\t<\/div>\n\t\t<\/div>\n\t\t\t\t\t<\/div>\n\t\t<\/section>\n\t\t\t\t<\/div>\n\t\t","protected":false},"excerpt":{"rendered":"<p>Privacy policy Tecomatic processes your personal data with the utmost responsibility and based on current legislation, including the The Data Protection Regulation (General Data Protection Regulation, GDPR). In this privacy policy we want to inform you about howwho and why we process your personal data to make you feel safe in your contact with us. [&hellip;]<\/p>\n","protected":false},"author":20,"featured_media":11116,"parent":0,"menu_order":0,"comment_status":"closed","ping_status":"closed","template":"","meta":{"site-sidebar-layout":"no-sidebar","site-content-layout":"page-builder","ast-site-content-layout":"default","site-content-style":"default","site-sidebar-style":"default","ast-global-header-display":"","ast-banner-title-visibility":"","ast-main-header-display":"","ast-hfb-above-header-display":"","ast-hfb-below-header-display":"","ast-hfb-mobile-header-display":"","site-post-title":"disabled","ast-breadcrumbs-content":"","ast-featured-img":"disabled","footer-sml-layout":"","ast-disable-related-posts":"","theme-transparent-header-meta":"","adv-header-id-meta":"","stick-header-meta":"","header-above-stick-meta":"","header-main-stick-meta":"","header-below-stick-meta":"","astra-migrate-meta-layouts":"default","ast-page-background-enabled":"default","ast-page-background-meta":{"desktop":{"background-color":"","background-image":"","background-repeat":"repeat","background-position":"center center","background-size":"auto","background-attachment":"scroll","background-type":"","background-media":"","overlay-type":"","overlay-color":"","overlay-opacity":"","overlay-gradient":""},"tablet":{"background-color":"","background-image":"","background-repeat":"repeat","background-position":"center center","background-size":"auto","background-attachment":"scroll","background-type":"","background-media":"","overlay-type":"","overlay-color":"","overlay-opacity":"","overlay-gradient":""},"mobile":{"background-color":"","background-image":"","background-repeat":"repeat","background-position":"center center","background-size":"auto","background-attachment":"scroll","background-type":"","background-media":"","overlay-type":"","overlay-color":"","overlay-opacity":"","overlay-gradient":""}},"ast-content-background-meta":{"desktop":{"background-color":"var(--ast-global-color-5)","background-image":"","background-repeat":"repeat","background-position":"center center","background-size":"auto","background-attachment":"scroll","background-type":"","background-media":"","overlay-type":"","overlay-color":"","overlay-opacity":"","overlay-gradient":""},"tablet":{"background-color":"var(--ast-global-color-5)","background-image":"","background-repeat":"repeat","background-position":"center center","background-size":"auto","background-attachment":"scroll","background-type":"","background-media":"","overlay-type":"","overlay-color":"","overlay-opacity":"","overlay-gradient":""},"mobile":{"background-color":"var(--ast-global-color-5)","background-image":"","background-repeat":"repeat","background-position":"center center","background-size":"auto","background-attachment":"scroll","background-type":"","background-media":"","overlay-type":"","overlay-color":"","overlay-opacity":"","overlay-gradient":""}},"footnotes":""},"class_list":["post-11400","page","type-page","status-publish","has-post-thumbnail","hentry"],"yoast_head":"<!-- This site is optimized with the Yoast SEO plugin v27.4 - https:\/\/yoast.com\/product\/yoast-seo-wordpress\/ -->\n<title>Privacy policy - Tecomatic AB<\/title>\n<meta name=\"description\" content=\"Tecomatic and our digital partners use cookies on the website. Some are needed for the site to function properly.\" \/>\n<meta name=\"robots\" content=\"index, follow, max-snippet:-1, max-image-preview:large, max-video-preview:-1\" \/>\n<link rel=\"canonical\" href=\"https:\/\/tecomatic.com\/en\/privacy-policy\/\" \/>\n<meta property=\"og:locale\" content=\"en_US\" \/>\n<meta property=\"og:type\" content=\"article\" \/>\n<meta property=\"og:title\" content=\"Privacy policy - Tecomatic AB\" \/>\n<meta property=\"og:description\" content=\"Tecomatic and our digital partners use cookies on the website. Some are needed for the site to function properly.\" \/>\n<meta property=\"og:url\" content=\"https:\/\/tecomatic.com\/en\/privacy-policy\/\" \/>\n<meta property=\"og:site_name\" content=\"Tecomatic AB\" \/>\n<meta property=\"article:modified_time\" content=\"2023-12-08T05:32:37+00:00\" \/>\n<meta property=\"og:image\" content=\"https:\/\/tecomatic.com\/wp-content\/uploads\/2023\/06\/20230622165209.png\" \/>\n\t<meta property=\"og:image:width\" content=\"535\" \/>\n\t<meta property=\"og:image:height\" content=\"291\" \/>\n\t<meta property=\"og:image:type\" content=\"image\/png\" \/>\n<meta name=\"twitter:card\" content=\"summary_large_image\" \/>\n<meta name=\"twitter:label1\" content=\"Est. reading time\" \/>\n\t<meta name=\"twitter:data1\" content=\"3 minutes\" \/>\n<script type=\"application\/ld+json\" class=\"yoast-schema-graph\">{\"@context\":\"https:\\\/\\\/schema.org\",\"@graph\":[{\"@type\":\"WebPage\",\"@id\":\"https:\\\/\\\/tecomatic.com\\\/en\\\/privacy-policy\\\/\",\"url\":\"https:\\\/\\\/tecomatic.com\\\/en\\\/privacy-policy\\\/\",\"name\":\"Privacy policy - Tecomatic AB\",\"isPartOf\":{\"@id\":\"https:\\\/\\\/tecomatic.com\\\/#website\"},\"primaryImageOfPage\":{\"@id\":\"https:\\\/\\\/tecomatic.com\\\/en\\\/privacy-policy\\\/#primaryimage\"},\"image\":{\"@id\":\"https:\\\/\\\/tecomatic.com\\\/en\\\/privacy-policy\\\/#primaryimage\"},\"thumbnailUrl\":\"https:\\\/\\\/tecomatic.com\\\/wp-content\\\/uploads\\\/2023\\\/06\\\/20230622165209.png\",\"datePublished\":\"2023-08-18T10:35:03+00:00\",\"dateModified\":\"2023-12-08T05:32:37+00:00\",\"description\":\"Tecomatic and our digital partners use cookies on the website. Some are needed for the site to function properly.\",\"breadcrumb\":{\"@id\":\"https:\\\/\\\/tecomatic.com\\\/en\\\/privacy-policy\\\/#breadcrumb\"},\"inLanguage\":\"en-US\",\"potentialAction\":[{\"@type\":\"ReadAction\",\"target\":[\"https:\\\/\\\/tecomatic.com\\\/en\\\/privacy-policy\\\/\"]}]},{\"@type\":\"ImageObject\",\"inLanguage\":\"en-US\",\"@id\":\"https:\\\/\\\/tecomatic.com\\\/en\\\/privacy-policy\\\/#primaryimage\",\"url\":\"https:\\\/\\\/tecomatic.com\\\/wp-content\\\/uploads\\\/2023\\\/06\\\/20230622165209.png\",\"contentUrl\":\"https:\\\/\\\/tecomatic.com\\\/wp-content\\\/uploads\\\/2023\\\/06\\\/20230622165209.png\",\"width\":535,\"height\":291,\"caption\":\"Sedimentt\u00f6mning och avyttring av sediment p\u00e5 \u00e5tervinningsanl\u00e4ggning.\"},{\"@type\":\"BreadcrumbList\",\"@id\":\"https:\\\/\\\/tecomatic.com\\\/en\\\/privacy-policy\\\/#breadcrumb\",\"itemListElement\":[{\"@type\":\"ListItem\",\"position\":1,\"name\":\"Home\",\"item\":\"https:\\\/\\\/tecomatic.com\\\/\"},{\"@type\":\"ListItem\",\"position\":2,\"name\":\"Privacy policy\"}]},{\"@type\":\"WebSite\",\"@id\":\"https:\\\/\\\/tecomatic.com\\\/#website\",\"url\":\"https:\\\/\\\/tecomatic.com\\\/\",\"name\":\"Tecomatic AB\",\"description\":\"Tecomatic \u00e4r en helhetsleverant\u00f6r som erbjuder l\u00f6sningar f\u00f6r milj\u00f6er d\u00e4r det finns problem med erosion av land- och finmaterial eller spridning av milj\u00f6farligt sediment.\",\"publisher\":{\"@id\":\"https:\\\/\\\/tecomatic.com\\\/#organization\"},\"potentialAction\":[{\"@type\":\"SearchAction\",\"target\":{\"@type\":\"EntryPoint\",\"urlTemplate\":\"https:\\\/\\\/tecomatic.com\\\/?s={search_term_string}\"},\"query-input\":{\"@type\":\"PropertyValueSpecification\",\"valueRequired\":true,\"valueName\":\"search_term_string\"}}],\"inLanguage\":\"en-US\"},{\"@type\":\"Organization\",\"@id\":\"https:\\\/\\\/tecomatic.com\\\/#organization\",\"name\":\"Tecomatic AB\",\"url\":\"https:\\\/\\\/tecomatic.com\\\/\",\"logo\":{\"@type\":\"ImageObject\",\"inLanguage\":\"en-US\",\"@id\":\"https:\\\/\\\/tecomatic.com\\\/#\\\/schema\\\/logo\\\/image\\\/\",\"url\":\"https:\\\/\\\/tecomatic.com\\\/wp-content\\\/uploads\\\/2023\\\/05\\\/cropped-2d286b6e-1082-4d53-879b-2b82fc2c8846_tecomatic_logo_Webb-removebg-preview.png\",\"contentUrl\":\"https:\\\/\\\/tecomatic.com\\\/wp-content\\\/uploads\\\/2023\\\/05\\\/cropped-2d286b6e-1082-4d53-879b-2b82fc2c8846_tecomatic_logo_Webb-removebg-preview.png\",\"width\":301,\"height\":227,\"caption\":\"Tecomatic AB\"},\"image\":{\"@id\":\"https:\\\/\\\/tecomatic.com\\\/#\\\/schema\\\/logo\\\/image\\\/\"}}]}<\/script>\n<!-- \/ Yoast SEO plugin. -->","yoast_head_json":{"title":"Privacy policy - Tecomatic AB","description":"Tecomatic and our digital partners use cookies on the website. Some are needed for the site to function properly.","robots":{"index":"index","follow":"follow","max-snippet":"max-snippet:-1","max-image-preview":"max-image-preview:large","max-video-preview":"max-video-preview:-1"},"canonical":"https:\/\/tecomatic.com\/en\/privacy-policy\/","og_locale":"en_US","og_type":"article","og_title":"Privacy policy - Tecomatic AB","og_description":"Tecomatic and our digital partners use cookies on the website. Some are needed for the site to function properly.","og_url":"https:\/\/tecomatic.com\/en\/privacy-policy\/","og_site_name":"Tecomatic AB","article_modified_time":"2023-12-08T05:32:37+00:00","og_image":[{"width":535,"height":291,"url":"https:\/\/tecomatic.com\/wp-content\/uploads\/2023\/06\/20230622165209.png","type":"image\/png"}],"twitter_card":"summary_large_image","twitter_misc":{"Est. reading time":"3 minutes"},"schema":{"@context":"https:\/\/schema.org","@graph":[{"@type":"WebPage","@id":"https:\/\/tecomatic.com\/en\/privacy-policy\/","url":"https:\/\/tecomatic.com\/en\/privacy-policy\/","name":"Privacy policy - Tecomatic AB","isPartOf":{"@id":"https:\/\/tecomatic.com\/#website"},"primaryImageOfPage":{"@id":"https:\/\/tecomatic.com\/en\/privacy-policy\/#primaryimage"},"image":{"@id":"https:\/\/tecomatic.com\/en\/privacy-policy\/#primaryimage"},"thumbnailUrl":"https:\/\/tecomatic.com\/wp-content\/uploads\/2023\/06\/20230622165209.png","datePublished":"2023-08-18T10:35:03+00:00","dateModified":"2023-12-08T05:32:37+00:00","description":"Tecomatic and our digital partners use cookies on the website. Some are needed for the site to function properly.","breadcrumb":{"@id":"https:\/\/tecomatic.com\/en\/privacy-policy\/#breadcrumb"},"inLanguage":"en-US","potentialAction":[{"@type":"ReadAction","target":["https:\/\/tecomatic.com\/en\/privacy-policy\/"]}]},{"@type":"ImageObject","inLanguage":"en-US","@id":"https:\/\/tecomatic.com\/en\/privacy-policy\/#primaryimage","url":"https:\/\/tecomatic.com\/wp-content\/uploads\/2023\/06\/20230622165209.png","contentUrl":"https:\/\/tecomatic.com\/wp-content\/uploads\/2023\/06\/20230622165209.png","width":535,"height":291,"caption":"Sedimentt\u00f6mning och avyttring av sediment p\u00e5 \u00e5tervinningsanl\u00e4ggning."},{"@type":"BreadcrumbList","@id":"https:\/\/tecomatic.com\/en\/privacy-policy\/#breadcrumb","itemListElement":[{"@type":"ListItem","position":1,"name":"Home","item":"https:\/\/tecomatic.com\/"},{"@type":"ListItem","position":2,"name":"Privacy policy"}]},{"@type":"WebSite","@id":"https:\/\/tecomatic.com\/#website","url":"https:\/\/tecomatic.com\/","name":"Tecomatic AB","description":"Tecomatic \u00e4r en helhetsleverant\u00f6r som erbjuder l\u00f6sningar f\u00f6r milj\u00f6er d\u00e4r det finns problem med erosion av land- och finmaterial eller spridning av milj\u00f6farligt sediment.","publisher":{"@id":"https:\/\/tecomatic.com\/#organization"},"potentialAction":[{"@type":"SearchAction","target":{"@type":"EntryPoint","urlTemplate":"https:\/\/tecomatic.com\/?s={search_term_string}"},"query-input":{"@type":"PropertyValueSpecification","valueRequired":true,"valueName":"search_term_string"}}],"inLanguage":"en-US"},{"@type":"Organization","@id":"https:\/\/tecomatic.com\/#organization","name":"Tecomatic AB","url":"https:\/\/tecomatic.com\/","logo":{"@type":"ImageObject","inLanguage":"en-US","@id":"https:\/\/tecomatic.com\/#\/schema\/logo\/image\/","url":"https:\/\/tecomatic.com\/wp-content\/uploads\/2023\/05\/cropped-2d286b6e-1082-4d53-879b-2b82fc2c8846_tecomatic_logo_Webb-removebg-preview.png","contentUrl":"https:\/\/tecomatic.com\/wp-content\/uploads\/2023\/05\/cropped-2d286b6e-1082-4d53-879b-2b82fc2c8846_tecomatic_logo_Webb-removebg-preview.png","width":301,"height":227,"caption":"Tecomatic AB"},"image":{"@id":"https:\/\/tecomatic.com\/#\/schema\/logo\/image\/"}}]}},"_links":{"self":[{"href":"https:\/\/tecomatic.com\/en\/wp-json\/wp\/v2\/pages\/11400","targetHints":{"allow":["GET"]}}],"collection":[{"href":"https:\/\/tecomatic.com\/en\/wp-json\/wp\/v2\/pages"}],"about":[{"href":"https:\/\/tecomatic.com\/en\/wp-json\/wp\/v2\/types\/page"}],"author":[{"embeddable":true,"href":"https:\/\/tecomatic.com\/en\/wp-json\/wp\/v2\/users\/20"}],"replies":[{"embeddable":true,"href":"https:\/\/tecomatic.com\/en\/wp-json\/wp\/v2\/comments?post=11400"}],"version-history":[{"count":1,"href":"https:\/\/tecomatic.com\/en\/wp-json\/wp\/v2\/pages\/11400\/revisions"}],"predecessor-version":[{"id":11401,"href":"https:\/\/tecomatic.com\/en\/wp-json\/wp\/v2\/pages\/11400\/revisions\/11401"}],"wp:featuredmedia":[{"embeddable":true,"href":"https:\/\/tecomatic.com\/en\/wp-json\/wp\/v2\/media\/11116"}],"wp:attachment":[{"href":"https:\/\/tecomatic.com\/en\/wp-json\/wp\/v2\/media?parent=11400"}],"curies":[{"name":"wp","href":"https:\/\/api.w.org\/{rel}","templated":true}]}}